{"id":87341,"date":"2026-04-14T10:26:58","date_gmt":"2026-04-14T14:26:58","guid":{"rendered":"https:\/\/ssvp.ca\/?post_type=product&#038;p=87341"},"modified":"2026-04-14T14:22:51","modified_gmt":"2026-04-14T18:22:51","slug":"t-shirt-commemoratif","status":"publish","type":"product","link":"https:\/\/ssvp.ca\/fr\/produit\/t-shirt-commemoratif\/","title":{"rendered":"T-shirt comm\u00e9moratif"},"content":{"rendered":"<p>C\u00e9l\u00e9brez notre 180e anniversaire avec un t-shirt comm\u00e9moratif ! Pr\u00e9commandez d\u00e8s maintenant pour garantir votre taille.\u00a0 <br \/>\nDate limite des pr\u00e9commandes :\u00a015 mai 2026<\/p>\n<p>Les commandes seront exp\u00e9di\u00e9es apr\u00e8s l&rsquo;ANF, en juillet.<\/p>\n<p>100% coton pr\u00e9-r\u00e9tr\u00e9ci. Gradeur pour homme<\/p>\n","protected":false},"excerpt":{"rendered":"<p>C\u00e9l\u00e9brez notre 180e anniversaire avec un t-shirt comm\u00e9moratif ! Pr\u00e9commandez d\u00e8s maintenant pour garantir votre taille.\u00a0 Date limite des pr\u00e9commandes :\u00a015 mai 2026 Les commandes seront exp\u00e9di\u00e9es apr\u00e8s l&rsquo;ANF, en juillet. 100% coton pr\u00e9-r\u00e9tr\u00e9ci. Gradeur pour homme<\/p>\n","protected":false},"featured_media":83442,"template":"","meta":{"_acf_changed":false,"_seopress_robots_primary_cat":"none","_seopress_titles_title":"","_seopress_titles_desc":"","_seopress_robots_index":"","om_disable_all_campaigns":false,"_monsterinsights_skip_tracking":false,"_monsterinsights_sitenote_active":false,"_monsterinsights_sitenote_note":"","_monsterinsights_sitenote_category":0,"_uf_show_specific_survey":0,"_uf_disable_surveys":false},"product_brand":[],"product_cat":[96],"product_tag":[],"class_list":{"0":"post-87341","1":"product","2":"type-product","3":"status-publish","4":"has-post-thumbnail","6":"product_cat-vetements","8":"first","9":"instock","10":"shipping-taxable","11":"purchasable","12":"product-type-variable","13":"has-default-attributes"},"group_of_quantity":0,"min_quantity":0,"max_quantity":"","exclude_order_quantity_value_rules":"no","exclude_category_quantity_rules":"no","combine_variations":"no","acf":[],"_links":{"self":[{"href":"https:\/\/ssvp.ca\/fr\/wp-json\/wp\/v2\/product\/87341","targetHints":{"allow":["GET"]}}],"collection":[{"href":"https:\/\/ssvp.ca\/fr\/wp-json\/wp\/v2\/product"}],"about":[{"href":"https:\/\/ssvp.ca\/fr\/wp-json\/wp\/v2\/types\/product"}],"version-history":[{"count":0,"href":"https:\/\/ssvp.ca\/fr\/wp-json\/wp\/v2\/product\/87341\/revisions"}],"wp:featuredmedia":[{"embeddable":true,"href":"https:\/\/ssvp.ca\/fr\/wp-json\/wp\/v2\/media\/83442"}],"wp:attachment":[{"href":"https:\/\/ssvp.ca\/fr\/wp-json\/wp\/v2\/media?parent=87341"}],"wp:term":[{"taxonomy":"product_brand","embeddable":true,"href":"https:\/\/ssvp.ca\/fr\/wp-json\/wp\/v2\/product_brand?post=87341"},{"taxonomy":"product_cat","embeddable":true,"href":"https:\/\/ssvp.ca\/fr\/wp-json\/wp\/v2\/product_cat?post=87341"},{"taxonomy":"product_tag","embeddable":true,"href":"https:\/\/ssvp.ca\/fr\/wp-json\/wp\/v2\/product_tag?post=87341"}],"curies":[{"name":"wp","href":"https:\/\/api.w.org\/{rel}","templated":true}]}}