{"id":44363,"date":"2025-04-09T11:04:06","date_gmt":"2025-04-09T15:04:06","guid":{"rendered":"https:\/\/ssvp.ca\/?post_type=product&#038;p=44363"},"modified":"2025-04-09T11:10:39","modified_gmt":"2025-04-09T15:10:39","slug":"ssvp-depliants-personnalises","status":"publish","type":"product","link":"https:\/\/ssvp.ca\/fr\/produit\/ssvp-depliants-personnalises\/","title":{"rendered":"SSVP d\u00e9pliants personnalis\u00e9s"},"content":{"rendered":"<p>Veuillez saisir les d\u00e9tails sp\u00e9cifiques que vous souhaitez inclure dans les brochures dans la section \u00ab <strong>Notes de commande<\/strong> \u00bb de la page de <strong>validation<\/strong>.<\/p>\n<p>L&rsquo;espace disponible pour un texte personnalis\u00e9 comprend jusqu&rsquo;\u00e0 4 lignes. Par exemple :<\/p>\n<ul>\n<li>Nom de la conf\u00e9rence<\/li>\n<li>Adresse \u00e9lectronique<\/li>\n<li>Site web<\/li>\n<li>Lien vers un formulaire de don (code QR)<\/li>\n<\/ul>\n<p>N&rsquo;h\u00e9sitez pas \u00e0 personnaliser les d\u00e9tails selon vos besoins !<\/p>\n<p>Liste de prix comme suit (taxes en sus) : <br \/>\nUne facture indiquant le montant total, taxes comprises, vous sera envoy\u00e9e par courrier \u00e9lectronique.<\/p>\n<p><img fetchpriority=\"high\" decoding=\"async\" class=\"alignnone size-full wp-image-44342\" src=\"https:\/\/ssvp.ca\/wp-content\/uploads\/2025\/04\/Custom-Pamphlet-prices.jpg\" alt=\"ssvp custom pamphlets\" width=\"563\" height=\"670\" srcset=\"https:\/\/ssvp.ca\/wp-content\/uploads\/2025\/04\/Custom-Pamphlet-prices.jpg 563w, https:\/\/ssvp.ca\/wp-content\/uploads\/2025\/04\/Custom-Pamphlet-prices-252x300.jpg 252w\" sizes=\"(max-width: 563px) 100vw, 563px\" \/><\/p>\n","protected":false},"excerpt":{"rendered":"<p>Veuillez saisir les d\u00e9tails sp\u00e9cifiques que vous souhaitez inclure dans les brochures dans la section \u00ab Notes de commande \u00bb de la page de validation. L&rsquo;espace disponible pour un texte personnalis\u00e9 comprend jusqu&rsquo;\u00e0 4 lignes. Par exemple : Nom de la conf\u00e9rence Adresse \u00e9lectronique Site web Lien vers un formulaire de don (code QR) N&rsquo;h\u00e9sitez [&hellip;]<\/p>\n","protected":false},"featured_media":44366,"template":"","meta":{"_acf_changed":false,"_seopress_robots_primary_cat":"none","_seopress_titles_title":"","_seopress_titles_desc":"","_seopress_robots_index":"","om_disable_all_campaigns":false,"_monsterinsights_skip_tracking":false,"_monsterinsights_sitenote_active":false,"_monsterinsights_sitenote_note":"","_monsterinsights_sitenote_category":0,"_uf_show_specific_survey":0,"_uf_disable_surveys":false},"product_brand":[],"product_cat":[93],"product_tag":[],"class_list":{"0":"post-44363","1":"product","2":"type-product","3":"status-publish","4":"has-post-thumbnail","6":"product_cat-articles-promotionnels","7":"product_shipping_class-free-shipping-fr","9":"first","10":"instock","11":"virtual","12":"purchasable","13":"product-type-simple"},"group_of_quantity":0,"min_quantity":0,"max_quantity":"","exclude_order_quantity_value_rules":"no","exclude_category_quantity_rules":"no","combine_variations":"no","acf":[],"_links":{"self":[{"href":"https:\/\/ssvp.ca\/fr\/wp-json\/wp\/v2\/product\/44363","targetHints":{"allow":["GET"]}}],"collection":[{"href":"https:\/\/ssvp.ca\/fr\/wp-json\/wp\/v2\/product"}],"about":[{"href":"https:\/\/ssvp.ca\/fr\/wp-json\/wp\/v2\/types\/product"}],"version-history":[{"count":0,"href":"https:\/\/ssvp.ca\/fr\/wp-json\/wp\/v2\/product\/44363\/revisions"}],"wp:featuredmedia":[{"embeddable":true,"href":"https:\/\/ssvp.ca\/fr\/wp-json\/wp\/v2\/media\/44366"}],"wp:attachment":[{"href":"https:\/\/ssvp.ca\/fr\/wp-json\/wp\/v2\/media?parent=44363"}],"wp:term":[{"taxonomy":"product_brand","embeddable":true,"href":"https:\/\/ssvp.ca\/fr\/wp-json\/wp\/v2\/product_brand?post=44363"},{"taxonomy":"product_cat","embeddable":true,"href":"https:\/\/ssvp.ca\/fr\/wp-json\/wp\/v2\/product_cat?post=44363"},{"taxonomy":"product_tag","embeddable":true,"href":"https:\/\/ssvp.ca\/fr\/wp-json\/wp\/v2\/product_tag?post=44363"}],"curies":[{"name":"wp","href":"https:\/\/api.w.org\/{rel}","templated":true}]}}