{"id":13305,"date":"2022-01-11T17:06:12","date_gmt":"2022-01-18T19:58:53","guid":{"rendered":"https:\/\/ssvp.ca\/?post_type=product&#038;p=13305"},"modified":"2024-11-08T10:06:24","modified_gmt":"2024-11-08T15:06:24","slug":"affiche-ssvp-2","status":"publish","type":"product","link":"https:\/\/ssvp.ca\/fr\/produit\/affiche-ssvp-2\/","title":{"rendered":"Affiche SSVP"},"content":{"rendered":"<p>Les affiches peuvent \u00e9galement \u00eatre t\u00e9l\u00e9charg\u00e9es et imprim\u00e9es.<\/p>\n<p><a href=\"https:\/\/ssvp.ca\/wp-content\/uploads\/2024\/10\/SSVP-Poster2024-11x17-F.pdf\" target=\"_blank\" rel=\"noopener\">Affiche 11&Prime;x 17&Prime; Fran\u00e7ais<\/a><br \/>\n<a href=\"https:\/\/ssvp.ca\/wp-content\/uploads\/2024\/10\/SSVP-Poster2024-11x17-E.pdf\" target=\"_blank\" rel=\"noopener\">Affiche 11&Prime;x 17&Prime; Anglais<\/a><br \/>\n<a href=\"https:\/\/ssvp.ca\/wp-content\/uploads\/2024\/10\/SSVP-Poster2024-11x17-BIL.pdf\" target=\"_blank\" rel=\"noopener\">Affiche 11&Prime;x 17&Prime; Bilingue<\/a><\/p>\n<p><a href=\"https:\/\/ssvp.ca\/wp-content\/uploads\/2024\/10\/SSVP-Poster2024-24x36-F.pdf\" target=\"_blank\" rel=\"noopener\">Affiche 24&Prime;x 36&Prime; Fran\u00e7ais<\/a><br \/>\n<a href=\"https:\/\/ssvp.ca\/wp-content\/uploads\/2024\/10\/SSVP-Poster2024-24x36-E.pdf\" target=\"_blank\" rel=\"noopener\">Affiche 24&Prime;x 36&Prime; Anglais<\/a><br \/>\n<a href=\"https:\/\/ssvp.ca\/wp-content\/uploads\/2024\/10\/SSVP-Poster2024-National-24x36-Bil.pdf\" target=\"_blank\" rel=\"noopener\">Poster 24&Prime;x 36&Prime; Bilingue<\/a><\/p>\n","protected":false},"excerpt":{"rendered":"<p>Les affiches peuvent \u00e9galement \u00eatre t\u00e9l\u00e9charg\u00e9es et imprim\u00e9es. Affiche 11&Prime;x 17&Prime; Fran\u00e7ais Affiche 11&Prime;x 17&Prime; Anglais Affiche 11&Prime;x 17&Prime; Bilingue Affiche 24&Prime;x 36&Prime; Fran\u00e7ais Affiche 24&Prime;x 36&Prime; Anglais Poster 24&Prime;x 36&Prime; Bilingue<\/p>\n","protected":false},"featured_media":30225,"template":"","meta":{"_acf_changed":false,"_seopress_robots_primary_cat":"none","_seopress_titles_title":"","_seopress_titles_desc":"","_seopress_robots_index":"","om_disable_all_campaigns":false,"_monsterinsights_skip_tracking":false,"_monsterinsights_sitenote_active":false,"_monsterinsights_sitenote_note":"","_monsterinsights_sitenote_category":0,"_uf_show_specific_survey":0,"_uf_disable_surveys":false},"product_brand":[],"product_cat":[93],"product_tag":[],"class_list":{"0":"post-13305","1":"product","2":"type-product","3":"status-publish","4":"has-post-thumbnail","6":"product_cat-articles-promotionnels","8":"first","9":"instock","10":"shipping-taxable","11":"purchasable","12":"product-type-variable"},"group_of_quantity":0,"min_quantity":0,"max_quantity":"","exclude_order_quantity_value_rules":"no","exclude_category_quantity_rules":"no","combine_variations":"no","acf":[],"_links":{"self":[{"href":"https:\/\/ssvp.ca\/fr\/wp-json\/wp\/v2\/product\/13305","targetHints":{"allow":["GET"]}}],"collection":[{"href":"https:\/\/ssvp.ca\/fr\/wp-json\/wp\/v2\/product"}],"about":[{"href":"https:\/\/ssvp.ca\/fr\/wp-json\/wp\/v2\/types\/product"}],"version-history":[{"count":0,"href":"https:\/\/ssvp.ca\/fr\/wp-json\/wp\/v2\/product\/13305\/revisions"}],"wp:featuredmedia":[{"embeddable":true,"href":"https:\/\/ssvp.ca\/fr\/wp-json\/wp\/v2\/media\/30225"}],"wp:attachment":[{"href":"https:\/\/ssvp.ca\/fr\/wp-json\/wp\/v2\/media?parent=13305"}],"wp:term":[{"taxonomy":"product_brand","embeddable":true,"href":"https:\/\/ssvp.ca\/fr\/wp-json\/wp\/v2\/product_brand?post=13305"},{"taxonomy":"product_cat","embeddable":true,"href":"https:\/\/ssvp.ca\/fr\/wp-json\/wp\/v2\/product_cat?post=13305"},{"taxonomy":"product_tag","embeddable":true,"href":"https:\/\/ssvp.ca\/fr\/wp-json\/wp\/v2\/product_tag?post=13305"}],"curies":[{"name":"wp","href":"https:\/\/api.w.org\/{rel}","templated":true}]}}