{"id":13283,"date":"2022-01-11T17:01:51","date_gmt":"2022-01-18T19:55:40","guid":{"rendered":"https:\/\/ssvp.ca\/?post_type=product&#038;p=13283"},"modified":"2024-01-08T17:11:09","modified_gmt":"2024-01-08T17:11:09","slug":"cartes-de-prieres","status":"publish","type":"product","link":"https:\/\/ssvp.ca\/fr\/produit\/cartes-de-prieres\/","title":{"rendered":"Cartes de pri\u00e8res"},"content":{"rendered":"<p>Les documents PDF peuvent \u00eatre t\u00e9l\u00e9charg\u00e9s ici :\u00a0<\/p>\n<p><a href=\"https:\/\/ssvp.ca\/wp-content\/uploads\/2022\/05\/Prayer-card-2022-Fr.pdf\" target=\"_blank\" rel=\"noopener\">Carte de pri\u00e8re &#8211; Fran\u00e7ais<\/a><\/p>\n<p><a href=\"https:\/\/ssvp.ca\/wp-content\/uploads\/2022\/05\/Prayer-card-2022-BIL.pdf\" target=\"_blank\" rel=\"noopener\">Carte de pri\u00e8re &#8211; Bilingue<\/a><\/p>\n","protected":false},"excerpt":{"rendered":"<p>Les documents PDF peuvent \u00eatre t\u00e9l\u00e9charg\u00e9s ici :\u00a0 Carte de pri\u00e8re &#8211; Fran\u00e7ais Carte de pri\u00e8re &#8211; Bilingue<\/p>\n","protected":false},"featured_media":13866,"template":"","meta":{"_acf_changed":false,"_seopress_robots_primary_cat":"","_seopress_titles_title":"","_seopress_titles_desc":"","_seopress_robots_index":"","om_disable_all_campaigns":false,"_monsterinsights_skip_tracking":false,"_monsterinsights_sitenote_active":false,"_monsterinsights_sitenote_note":"","_monsterinsights_sitenote_category":0,"_uf_show_specific_survey":0,"_uf_disable_surveys":false},"product_brand":[],"product_cat":[95],"product_tag":[],"class_list":{"0":"post-13283","1":"product","2":"type-product","3":"status-publish","4":"has-post-thumbnail","6":"product_cat-cartes","8":"first","9":"instock","10":"shipping-taxable","11":"purchasable","12":"product-type-simple"},"group_of_quantity":0,"min_quantity":0,"max_quantity":"","exclude_order_quantity_value_rules":"no","exclude_category_quantity_rules":"no","combine_variations":"no","acf":[],"_links":{"self":[{"href":"https:\/\/ssvp.ca\/fr\/wp-json\/wp\/v2\/product\/13283","targetHints":{"allow":["GET"]}}],"collection":[{"href":"https:\/\/ssvp.ca\/fr\/wp-json\/wp\/v2\/product"}],"about":[{"href":"https:\/\/ssvp.ca\/fr\/wp-json\/wp\/v2\/types\/product"}],"version-history":[{"count":0,"href":"https:\/\/ssvp.ca\/fr\/wp-json\/wp\/v2\/product\/13283\/revisions"}],"wp:featuredmedia":[{"embeddable":true,"href":"https:\/\/ssvp.ca\/fr\/wp-json\/wp\/v2\/media\/13866"}],"wp:attachment":[{"href":"https:\/\/ssvp.ca\/fr\/wp-json\/wp\/v2\/media?parent=13283"}],"wp:term":[{"taxonomy":"product_brand","embeddable":true,"href":"https:\/\/ssvp.ca\/fr\/wp-json\/wp\/v2\/product_brand?post=13283"},{"taxonomy":"product_cat","embeddable":true,"href":"https:\/\/ssvp.ca\/fr\/wp-json\/wp\/v2\/product_cat?post=13283"},{"taxonomy":"product_tag","embeddable":true,"href":"https:\/\/ssvp.ca\/fr\/wp-json\/wp\/v2\/product_tag?post=13283"}],"curies":[{"name":"wp","href":"https:\/\/api.w.org\/{rel}","templated":true}]}}