{"id":13282,"date":"2022-01-11T17:01:55","date_gmt":"2022-01-18T19:55:40","guid":{"rendered":"https:\/\/ssvp.ca\/?post_type=product&#038;p=13282"},"modified":"2024-01-08T17:12:00","modified_gmt":"2024-01-08T17:12:00","slug":"cartes-de-prieres-anglais","status":"publish","type":"product","link":"https:\/\/ssvp.ca\/fr\/produit\/cartes-de-prieres-anglais\/","title":{"rendered":"Cartes de pri\u00e8res (Anglais)"},"content":{"rendered":"<p>Les documents PDF peuvent \u00eatre t\u00e9l\u00e9charg\u00e9s ici :\u00a0<\/p>\n<p><a href=\"https:\/\/ssvp.ca\/wp-content\/uploads\/2022\/05\/Prayer-card-2022-Eng.pdf\" target=\"_blank\" rel=\"noopener\">Prayer Card &#8211; English<\/a><\/p>\n<p><a href=\"https:\/\/ssvp.ca\/wp-content\/uploads\/2022\/05\/Prayer-card-2022-BIL.pdf\" target=\"_blank\" rel=\"noopener\">Prayer Card &#8211; Bilingual<\/a><\/p>\n","protected":false},"excerpt":{"rendered":"<p>Les documents PDF peuvent \u00eatre t\u00e9l\u00e9charg\u00e9s ici :\u00a0 Prayer Card &#8211; English Prayer Card &#8211; Bilingual<\/p>\n","protected":false},"featured_media":13864,"template":"","meta":{"_acf_changed":false,"_seopress_robots_primary_cat":"","_seopress_titles_title":"","_seopress_titles_desc":"","_seopress_robots_index":"","om_disable_all_campaigns":false,"_monsterinsights_skip_tracking":false,"_monsterinsights_sitenote_active":false,"_monsterinsights_sitenote_note":"","_monsterinsights_sitenote_category":0,"_uf_show_specific_survey":0,"_uf_disable_surveys":false},"product_brand":[],"product_cat":[95],"product_tag":[],"class_list":{"0":"post-13282","1":"product","2":"type-product","3":"status-publish","4":"has-post-thumbnail","6":"product_cat-cartes","8":"first","9":"instock","10":"shipping-taxable","11":"purchasable","12":"product-type-simple"},"group_of_quantity":0,"min_quantity":0,"max_quantity":"","exclude_order_quantity_value_rules":"no","exclude_category_quantity_rules":"no","combine_variations":"no","acf":[],"_links":{"self":[{"href":"https:\/\/ssvp.ca\/fr\/wp-json\/wp\/v2\/product\/13282","targetHints":{"allow":["GET"]}}],"collection":[{"href":"https:\/\/ssvp.ca\/fr\/wp-json\/wp\/v2\/product"}],"about":[{"href":"https:\/\/ssvp.ca\/fr\/wp-json\/wp\/v2\/types\/product"}],"version-history":[{"count":0,"href":"https:\/\/ssvp.ca\/fr\/wp-json\/wp\/v2\/product\/13282\/revisions"}],"wp:featuredmedia":[{"embeddable":true,"href":"https:\/\/ssvp.ca\/fr\/wp-json\/wp\/v2\/media\/13864"}],"wp:attachment":[{"href":"https:\/\/ssvp.ca\/fr\/wp-json\/wp\/v2\/media?parent=13282"}],"wp:term":[{"taxonomy":"product_brand","embeddable":true,"href":"https:\/\/ssvp.ca\/fr\/wp-json\/wp\/v2\/product_brand?post=13282"},{"taxonomy":"product_cat","embeddable":true,"href":"https:\/\/ssvp.ca\/fr\/wp-json\/wp\/v2\/product_cat?post=13282"},{"taxonomy":"product_tag","embeddable":true,"href":"https:\/\/ssvp.ca\/fr\/wp-json\/wp\/v2\/product_tag?post=13282"}],"curies":[{"name":"wp","href":"https:\/\/api.w.org\/{rel}","templated":true}]}}