{"id":13271,"date":"2022-01-12T15:04:24","date_gmt":"2022-01-18T19:57:13","guid":{"rendered":"https:\/\/ssvp.ca\/?post_type=product&#038;p=13271"},"modified":"2024-01-23T17:48:06","modified_gmt":"2024-01-23T17:48:06","slug":"image-frederic-ozanam-a-39ans","status":"publish","type":"product","link":"https:\/\/ssvp.ca\/fr\/produit\/image-frederic-ozanam-a-39ans\/","title":{"rendered":"Image: Fr\u00e9d\u00e9ric Ozanam \u00e0 39ans"},"content":{"rendered":"<p>Dimensions: 8.5&Prime; x 11&Prime;<\/p>\n","protected":false},"excerpt":{"rendered":"<p>Dimensions: 8.5&Prime; x 11&Prime;<\/p>\n","protected":false},"featured_media":13732,"template":"","meta":{"_acf_changed":false,"_seopress_robots_primary_cat":"","_seopress_titles_title":"","_seopress_titles_desc":"","_seopress_robots_index":"","om_disable_all_campaigns":false,"_monsterinsights_skip_tracking":false,"_monsterinsights_sitenote_active":false,"_monsterinsights_sitenote_note":"","_monsterinsights_sitenote_category":0,"_uf_show_specific_survey":0,"_uf_disable_surveys":false},"product_brand":[],"product_cat":[97],"product_tag":[],"class_list":{"0":"post-13271","1":"product","2":"type-product","3":"status-publish","4":"has-post-thumbnail","6":"product_cat-photos","8":"first","9":"instock","10":"shipping-taxable","11":"purchasable","12":"product-type-simple"},"group_of_quantity":0,"min_quantity":0,"max_quantity":"","exclude_order_quantity_value_rules":"no","exclude_category_quantity_rules":"no","combine_variations":"no","acf":[],"_links":{"self":[{"href":"https:\/\/ssvp.ca\/fr\/wp-json\/wp\/v2\/product\/13271","targetHints":{"allow":["GET"]}}],"collection":[{"href":"https:\/\/ssvp.ca\/fr\/wp-json\/wp\/v2\/product"}],"about":[{"href":"https:\/\/ssvp.ca\/fr\/wp-json\/wp\/v2\/types\/product"}],"version-history":[{"count":0,"href":"https:\/\/ssvp.ca\/fr\/wp-json\/wp\/v2\/product\/13271\/revisions"}],"wp:featuredmedia":[{"embeddable":true,"href":"https:\/\/ssvp.ca\/fr\/wp-json\/wp\/v2\/media\/13732"}],"wp:attachment":[{"href":"https:\/\/ssvp.ca\/fr\/wp-json\/wp\/v2\/media?parent=13271"}],"wp:term":[{"taxonomy":"product_brand","embeddable":true,"href":"https:\/\/ssvp.ca\/fr\/wp-json\/wp\/v2\/product_brand?post=13271"},{"taxonomy":"product_cat","embeddable":true,"href":"https:\/\/ssvp.ca\/fr\/wp-json\/wp\/v2\/product_cat?post=13271"},{"taxonomy":"product_tag","embeddable":true,"href":"https:\/\/ssvp.ca\/fr\/wp-json\/wp\/v2\/product_tag?post=13271"}],"curies":[{"name":"wp","href":"https:\/\/api.w.org\/{rel}","templated":true}]}}