{"id":13131,"date":"2022-01-12T15:01:47","date_gmt":"2022-01-18T19:58:33","guid":{"rendered":"https:\/\/ssvp.ca\/?post_type=product&#038;p=13131"},"modified":"2025-11-10T10:24:14","modified_gmt":"2025-11-10T15:24:14","slug":"livre-regle-et-statuts-de-la-societe-de-saint-vincent-de-paul-canada","status":"publish","type":"product","link":"https:\/\/ssvp.ca\/fr\/produit\/livre-regle-et-statuts-de-la-societe-de-saint-vincent-de-paul-canada\/","title":{"rendered":"Livre:  R\u00e8gle et statuts de la Soci\u00e9t\u00e9 de Saint-Vincent de Paul &#8211; Canada"},"content":{"rendered":"<p>La version \u00e9lectronique du livre peut \u00eatre t\u00e9l\u00e9charg\u00e9e \u00e0 l\u2019adresse suivante :\u00a0<a href=\"https:\/\/ssvp.ca\/fr\/membres\/ressources\/regle-et-statuts\/\" target=\"_blank\" rel=\"noopener\">https:\/\/ssvp.ca\/fr\/membres\/ressources\/regle-et-statuts\/<\/a><\/p>\n","protected":false},"excerpt":{"rendered":"<p>La version \u00e9lectronique du livre peut \u00eatre t\u00e9l\u00e9charg\u00e9e \u00e0 l\u2019adresse suivante :\u00a0https:\/\/ssvp.ca\/fr\/membres\/ressources\/regle-et-statuts\/<\/p>\n","protected":false},"featured_media":13790,"template":"","meta":{"_acf_changed":false,"_seopress_robots_primary_cat":"none","_seopress_titles_title":"","_seopress_titles_desc":"","_seopress_robots_index":"","om_disable_all_campaigns":false,"_monsterinsights_skip_tracking":false,"_monsterinsights_sitenote_active":false,"_monsterinsights_sitenote_note":"","_monsterinsights_sitenote_category":0,"_uf_show_specific_survey":0,"_uf_disable_surveys":false},"product_brand":[],"product_cat":[94],"product_tag":[],"class_list":{"0":"post-13131","1":"product","2":"type-product","3":"status-publish","4":"has-post-thumbnail","6":"product_cat-livres-et-signets","8":"first","9":"instock","10":"shipping-taxable","11":"purchasable","12":"product-type-simple"},"group_of_quantity":0,"min_quantity":0,"max_quantity":"","exclude_order_quantity_value_rules":"no","exclude_category_quantity_rules":"no","combine_variations":"no","acf":[],"_links":{"self":[{"href":"https:\/\/ssvp.ca\/fr\/wp-json\/wp\/v2\/product\/13131","targetHints":{"allow":["GET"]}}],"collection":[{"href":"https:\/\/ssvp.ca\/fr\/wp-json\/wp\/v2\/product"}],"about":[{"href":"https:\/\/ssvp.ca\/fr\/wp-json\/wp\/v2\/types\/product"}],"version-history":[{"count":0,"href":"https:\/\/ssvp.ca\/fr\/wp-json\/wp\/v2\/product\/13131\/revisions"}],"wp:featuredmedia":[{"embeddable":true,"href":"https:\/\/ssvp.ca\/fr\/wp-json\/wp\/v2\/media\/13790"}],"wp:attachment":[{"href":"https:\/\/ssvp.ca\/fr\/wp-json\/wp\/v2\/media?parent=13131"}],"wp:term":[{"taxonomy":"product_brand","embeddable":true,"href":"https:\/\/ssvp.ca\/fr\/wp-json\/wp\/v2\/product_brand?post=13131"},{"taxonomy":"product_cat","embeddable":true,"href":"https:\/\/ssvp.ca\/fr\/wp-json\/wp\/v2\/product_cat?post=13131"},{"taxonomy":"product_tag","embeddable":true,"href":"https:\/\/ssvp.ca\/fr\/wp-json\/wp\/v2\/product_tag?post=13131"}],"curies":[{"name":"wp","href":"https:\/\/api.w.org\/{rel}","templated":true}]}}