{"id":13118,"date":"2022-01-11T17:06:27","date_gmt":"2022-01-11T17:06:27","guid":{"rendered":"https:\/\/ssvp.ca\/?post_type=product&#038;p=13118"},"modified":"2026-01-19T08:48:22","modified_gmt":"2026-01-19T13:48:22","slug":"banniere-bilingue","status":"publish","type":"product","link":"https:\/\/ssvp.ca\/fr\/produit\/banniere-bilingue\/","title":{"rendered":"Banni\u00e8re"},"content":{"rendered":"<p>Banni\u00e8re en vinyle 62.23cm x 108.58cm<\/p>\n<p>Il est possible d&rsquo;avoir deux lignes de texte sur la banni\u00e8re. La plupart des Conf\u00e9rences et Conseils \u00e9crivent comme suit :<\/p>\n<p>Nom de la Conf\u00e9rence\/Conseil<br \/>\nVille, Province<\/p>\n<p>Veuillez ajouter les d\u00e9tails personnalis\u00e9s dans la section <em><strong>Notes<\/strong> <\/em>dans la page de paiement.<\/p>\n<p>Les frais de livraison sont inclus dans le prix.<\/p>\n","protected":false},"excerpt":{"rendered":"<p>Banni\u00e8re en vinyle 62.23cm x 108.58cm Il est possible d&rsquo;avoir deux lignes de texte sur la banni\u00e8re. La plupart des Conf\u00e9rences et Conseils \u00e9crivent comme suit : Nom de la Conf\u00e9rence\/Conseil Ville, Province Veuillez ajouter les d\u00e9tails personnalis\u00e9s dans la section Notes dans la page de paiement. Les frais de livraison sont inclus dans le [&hellip;]<\/p>\n","protected":false},"featured_media":13377,"template":"","meta":{"_acf_changed":false,"_seopress_robots_primary_cat":"","_seopress_titles_title":"","_seopress_titles_desc":"","_seopress_robots_index":"","om_disable_all_campaigns":false,"_monsterinsights_skip_tracking":false,"_monsterinsights_sitenote_active":false,"_monsterinsights_sitenote_note":"","_monsterinsights_sitenote_category":0,"_uf_show_specific_survey":0,"_uf_disable_surveys":false},"product_brand":[],"product_cat":[93],"product_tag":[],"class_list":{"0":"post-13118","1":"product","2":"type-product","3":"status-publish","4":"has-post-thumbnail","6":"product_cat-articles-promotionnels","8":"first","9":"instock","10":"shipping-taxable","11":"purchasable","12":"product-type-variable"},"group_of_quantity":0,"min_quantity":0,"max_quantity":"","exclude_order_quantity_value_rules":"no","exclude_category_quantity_rules":"no","combine_variations":"no","acf":[],"_links":{"self":[{"href":"https:\/\/ssvp.ca\/fr\/wp-json\/wp\/v2\/product\/13118","targetHints":{"allow":["GET"]}}],"collection":[{"href":"https:\/\/ssvp.ca\/fr\/wp-json\/wp\/v2\/product"}],"about":[{"href":"https:\/\/ssvp.ca\/fr\/wp-json\/wp\/v2\/types\/product"}],"version-history":[{"count":0,"href":"https:\/\/ssvp.ca\/fr\/wp-json\/wp\/v2\/product\/13118\/revisions"}],"wp:featuredmedia":[{"embeddable":true,"href":"https:\/\/ssvp.ca\/fr\/wp-json\/wp\/v2\/media\/13377"}],"wp:attachment":[{"href":"https:\/\/ssvp.ca\/fr\/wp-json\/wp\/v2\/media?parent=13118"}],"wp:term":[{"taxonomy":"product_brand","embeddable":true,"href":"https:\/\/ssvp.ca\/fr\/wp-json\/wp\/v2\/product_brand?post=13118"},{"taxonomy":"product_cat","embeddable":true,"href":"https:\/\/ssvp.ca\/fr\/wp-json\/wp\/v2\/product_cat?post=13118"},{"taxonomy":"product_tag","embeddable":true,"href":"https:\/\/ssvp.ca\/fr\/wp-json\/wp\/v2\/product_tag?post=13118"}],"curies":[{"name":"wp","href":"https:\/\/api.w.org\/{rel}","templated":true}]}}