{"id":57117,"date":"2025-11-05T14:35:20","date_gmt":"2025-11-05T19:35:20","guid":{"rendered":"https:\/\/ssvp.ca\/besoin-aide\/quebec\/"},"modified":"2025-11-05T14:44:17","modified_gmt":"2025-11-05T19:44:17","slug":"quebec","status":"publish","type":"page","link":"https:\/\/ssvp.ca\/fr\/besoin-aide\/quebec\/","title":{"rendered":"Quebec"},"content":{"rendered":"\t\t<div data-elementor-type=\"wp-page\" data-elementor-id=\"57117\" class=\"elementor elementor-57117\" data-elementor-post-type=\"page\">\n\t\t\t\t<div class=\"elementor-element elementor-element-21e248d e-flex e-con-boxed e-con e-parent\" data-id=\"21e248d\" data-element_type=\"container\" data-settings=\"{&quot;jet_parallax_layout_list&quot;:[]}\">\n\t\t\t\t\t<div class=\"e-con-inner\">\n\t\t\t\t<div class=\"elementor-element elementor-element-131df90 elementor-widget elementor-widget-heading\" data-id=\"131df90\" data-element_type=\"widget\" data-widget_type=\"heading.default\">\n\t\t\t\t<div class=\"elementor-widget-container\">\n\t\t\t\t\t<h2 class=\"elementor-heading-title elementor-size-default\">Quebec<\/h2>\t\t\t\t<\/div>\n\t\t\t\t<\/div>\n\t\t<div class=\"elementor-element elementor-element-cb1a621 e-con-full e-flex e-con e-child\" data-id=\"cb1a621\" data-element_type=\"container\" data-settings=\"{&quot;jet_parallax_layout_list&quot;:[]}\">\n\t\t<div class=\"elementor-element elementor-element-0446c5a e-con-full e-flex e-con e-child\" data-id=\"0446c5a\" data-element_type=\"container\" data-settings=\"{&quot;jet_parallax_layout_list&quot;:[]}\">\n\t\t\t\t<\/div>\n\t\t\t\t<div class=\"elementor-element elementor-element-eb95835 elementor-widget elementor-widget-jet-listing-grid\" data-id=\"eb95835\" data-element_type=\"widget\" id=\"ssvp-locations-grid\" data-settings=\"{&quot;columns&quot;:&quot;4&quot;,&quot;columns_tablet&quot;:&quot;3&quot;,&quot;columns_mobile&quot;:&quot;1&quot;}\" data-widget_type=\"jet-listing-grid.default\">\n\t\t\t\t<div class=\"elementor-widget-container\">\n\t\t\t\t\t<div class=\"jet-listing-grid jet-listing\"><div class=\"jet-listing-not-found jet-listing-grid__items\" data-nav=\"{&quot;enabled&quot;:true,&quot;type&quot;:&quot;click&quot;,&quot;more_el&quot;:&quot;#ssvp-locations-more&quot;,&quot;query&quot;:{&quot;query_id&quot;:&quot;21&quot;,&quot;posts_per_page&quot;:9,&quot;signature&quot;:&quot;63d8e557f932da27bc50fccb8b83b61ac99656fa453c3bcf81f9c456ee983ee9&quot;},&quot;widget_settings&quot;:{&quot;lisitng_id&quot;:56894,&quot;posts_num&quot;:9,&quot;columns&quot;:4,&quot;columns_tablet&quot;:3,&quot;columns_mobile&quot;:1,&quot;column_min_width&quot;:240,&quot;column_min_width_tablet&quot;:240,&quot;column_min_width_mobile&quot;:240,&quot;inline_columns_css&quot;:false,&quot;is_archive_template&quot;:&quot;&quot;,&quot;post_status&quot;:[&quot;publish&quot;],&quot;use_random_posts_num&quot;:&quot;&quot;,&quot;max_posts_num&quot;:9,&quot;not_found_message&quot;:&quot;Aucune donn\\u00e9e n&#039;a \\u00e9t\\u00e9 trouv\\u00e9e&quot;,&quot;is_masonry&quot;:false,&quot;equal_columns_height&quot;:&quot;yes&quot;,&quot;use_load_more&quot;:&quot;yes&quot;,&quot;load_more_id&quot;:&quot;ssvp-locations-more&quot;,&quot;load_more_type&quot;:&quot;click&quot;,&quot;load_more_offset&quot;:{&quot;unit&quot;:&quot;px&quot;,&quot;size&quot;:0,&quot;sizes&quot;:[]},&quot;use_custom_post_types&quot;:&quot;&quot;,&quot;custom_post_types&quot;:[],&quot;hide_widget_if&quot;:&quot;&quot;,&quot;carousel_enabled&quot;:&quot;&quot;,&quot;slides_to_scroll&quot;:&quot;1&quot;,&quot;arrows&quot;:&quot;true&quot;,&quot;arrow_icon&quot;:&quot;fa fa-angle-left&quot;,&quot;dots&quot;:&quot;&quot;,&quot;autoplay&quot;:&quot;true&quot;,&quot;pause_on_hover&quot;:&quot;true&quot;,&quot;autoplay_speed&quot;:5000,&quot;infinite&quot;:&quot;true&quot;,&quot;center_mode&quot;:&quot;&quot;,&quot;effect&quot;:&quot;slide&quot;,&quot;speed&quot;:500,&quot;inject_alternative_items&quot;:&quot;&quot;,&quot;injection_items&quot;:[],&quot;scroll_slider_enabled&quot;:&quot;&quot;,&quot;scroll_slider_on&quot;:[&quot;desktop&quot;,&quot;tablet&quot;,&quot;mobile&quot;],&quot;custom_query&quot;:false,&quot;custom_query_id&quot;:&quot;&quot;,&quot;_element_id&quot;:&quot;ssvp-locations-grid&quot;,&quot;collapse_first_last_gap&quot;:false,&quot;list_tag_selection&quot;:&quot;&quot;,&quot;list_items_wrapper_tag&quot;:&quot;div&quot;,&quot;list_item_tag&quot;:&quot;div&quot;,&quot;empty_items_wrapper_tag&quot;:&quot;div&quot;}}\" data-listing-source=\"query\" data-listing-id=\"56894\" data-query-id=\"21\" data-queried-id=\"57117|WP_Post\">Aucune donn\u00e9e n'a \u00e9t\u00e9 trouv\u00e9e<\/div><\/div>\t\t\t\t<\/div>\n\t\t\t\t<\/div>\n\t\t\t\t<div class=\"elementor-element elementor-element-a2dbbcc elementor-align-center elementor-widget elementor-widget-button\" data-id=\"a2dbbcc\" data-element_type=\"widget\" data-widget_type=\"button.default\">\n\t\t\t\t<div class=\"elementor-widget-container\">\n\t\t\t\t\t\t\t\t\t<div class=\"elementor-button-wrapper\">\n\t\t\t\t\t<a class=\"elementor-button elementor-button-link elementor-size-sm\" href=\"#\" id=\"ssvp-locations-more\">\n\t\t\t\t\t\t<span class=\"elementor-button-content-wrapper\">\n\t\t\t\t\t\t\t\t\t<span class=\"elementor-button-text\">Charger la suite<\/span>\n\t\t\t\t\t<\/span>\n\t\t\t\t\t<\/a>\n\t\t\t\t<\/div>\n\t\t\t\t\t\t\t\t<\/div>\n\t\t\t\t<\/div>\n\t\t\t\t<\/div>\n\t\t\t\t\t<\/div>\n\t\t\t\t<\/div>\n\t\t\t\t<\/div>\n\t\t","protected":false},"excerpt":{"rendered":"<p>All CitiesAlbanelAlmaAnge-GardienAnjouAnse St-JeanArgentenayArvidaAylmerBeauportBeaupr\u00e9BerthiervilleBlack LakeBoischatelB\u00e9ginCantleyChambordCharlemagneCharlesbourgChateauguayChicoutimiCh\u00e2teauguayCourvilleDolbeauDonnaconaFalardeauFerland-BoileauGatineauGiffardGreenfield ParkHullH\u00e9bertvilleIle D&rsquo;Orl\u00e9ansJolietteJonqui\u00e8reJonqu\u00e8reL&rsquo;Ancienne LoretteL&rsquo;AssomptionL&rsquo;\u00c9piphanieLa BaieLa MalbaieLabrecqueLac K\u00e9nogamiLachineLasalleLaterri\u00e8reLaurier StationLauzonLavalLaval Des RapidesLe GardeurLemoyneLongueuilLorettevilleLotbini\u00e8reLuskvilleL\u00e9ryL\u00e9visMercierMont CarmelMont-LaurierMontmagnyMontmorencyMontr\u00e9alMontr\u00e9al-NordNapiervilleNeuvilleNotre-Dame-Des-PrairiesOubremontPintendrePlessisvillePont-RougePortneufQu\u00e9becRepentignyRivi\u00e8re Du LoupRivi\u00e8re-\u00c9ternit\u00e9RobertsonvilleRobervalSagardSaint Augustin De DesmauresSaint-AmbroiseSaint-BrunoSaint-Charles-De-BourgetSaint-DavidSaint-FulgenceSaint-F\u00e9lixSaint-Georges OuestSaint-Georges-De-BeauceSaint-Honor\u00e9Saint-HubertSaint-JacquesSaint-Jean-Sur-RichelieuSaint-Joseph De BeauceSaint-LaurentSaint-NazaireSaint-SulpiceSaint-Tite-Des-CapsSainte-Anne De Beaupr\u00e9Sainte-Brigitte-De-LavalSainte-FoySainte-JulienneShawiniganShipshawSt-G\u00e9d\u00e9onSt-HubertSt. LambertSt. Marc Des Carri\u00e8resSte-Anne-De-La-Pocati\u00e8reThetford MinesThetford-MinesTrois-Rivi\u00e8resVal Des MontsVal-B\u00e9lairVaucluseVictoriaville Conference Centre de formation professionnelle Fierbourg Qu\u00e9bec, QC Conference Conf\u00e9rence Assomption\/Sainte-H\u00e9l\u00e8ne Shawinigan, QC Conference Conf\u00e9rence Bienheureux Francois de Laval Laval, QC Conference Conf\u00e9rence [&hellip;]<\/p>\n","protected":false},"author":16,"featured_media":0,"parent":56819,"menu_order":0,"comment_status":"closed","ping_status":"closed","template":"","meta":{"_acf_changed":false,"_seopress_robots_primary_cat":"","_seopress_titles_title":"","_seopress_titles_desc":"","_seopress_robots_index":"","om_disable_all_campaigns":false,"_monsterinsights_skip_tracking":false,"_monsterinsights_sitenote_active":false,"_monsterinsights_sitenote_note":"","_monsterinsights_sitenote_category":0,"_uf_show_specific_survey":0,"_uf_disable_surveys":false,"footnotes":""},"regions":[],"class_list":["post-57117","page","type-page","status-publish","hentry"],"acf":[],"_links":{"self":[{"href":"https:\/\/ssvp.ca\/fr\/wp-json\/wp\/v2\/pages\/57117","targetHints":{"allow":["GET"]}}],"collection":[{"href":"https:\/\/ssvp.ca\/fr\/wp-json\/wp\/v2\/pages"}],"about":[{"href":"https:\/\/ssvp.ca\/fr\/wp-json\/wp\/v2\/types\/page"}],"author":[{"embeddable":true,"href":"https:\/\/ssvp.ca\/fr\/wp-json\/wp\/v2\/users\/16"}],"replies":[{"embeddable":true,"href":"https:\/\/ssvp.ca\/fr\/wp-json\/wp\/v2\/comments?post=57117"}],"version-history":[{"count":0,"href":"https:\/\/ssvp.ca\/fr\/wp-json\/wp\/v2\/pages\/57117\/revisions"}],"up":[{"embeddable":true,"href":"https:\/\/ssvp.ca\/fr\/wp-json\/wp\/v2\/pages\/56819"}],"wp:attachment":[{"href":"https:\/\/ssvp.ca\/fr\/wp-json\/wp\/v2\/media?parent=57117"}],"wp:term":[{"taxonomy":"regions","embeddable":true,"href":"https:\/\/ssvp.ca\/fr\/wp-json\/wp\/v2\/regions?post=57117"}],"curies":[{"name":"wp","href":"https:\/\/api.w.org\/{rel}","templated":true}]}}