{"id":44646,"date":"2025-04-16T10:51:56","date_gmt":"2025-04-16T14:51:56","guid":{"rendered":"https:\/\/ssvp.ca\/?page_id=44646"},"modified":"2026-05-01T15:18:40","modified_gmt":"2026-05-01T19:18:40","slug":"galerie-paretenaires-en-espoir","status":"publish","type":"page","link":"https:\/\/ssvp.ca\/fr\/galerie-paretenaires-en-espoir\/","title":{"rendered":"Galerie Partenaires en espoir"},"content":{"rendered":"\t\t<div data-elementor-type=\"wp-page\" data-elementor-id=\"44646\" class=\"elementor elementor-44646 elementor-44645\" data-elementor-post-type=\"page\">\n\t\t\t\t\t\t<section class=\"elementor-section elementor-top-section elementor-element elementor-element-dc3288f elementor-section-boxed elementor-section-height-default elementor-section-height-default\" data-id=\"dc3288f\" data-element_type=\"section\" data-e-type=\"section\" data-settings=\"{&quot;jet_parallax_layout_list&quot;:[]}\">\n\t\t\t\t\t\t<div class=\"elementor-container elementor-column-gap-default\">\n\t\t\t\t\t<div class=\"elementor-column elementor-col-100 elementor-top-column elementor-element elementor-element-0b6a76c\" data-id=\"0b6a76c\" data-element_type=\"column\" data-e-type=\"column\">\n\t\t\t<div class=\"elementor-widget-wrap elementor-element-populated\">\n\t\t\t\t\t\t<div class=\"elementor-element elementor-element-b7b55d8 elementor-widget elementor-widget-spacer\" data-id=\"b7b55d8\" data-element_type=\"widget\" data-e-type=\"widget\" data-widget_type=\"spacer.default\">\n\t\t\t\t<div class=\"elementor-widget-container\">\n\t\t\t\t\t\t\t<div class=\"elementor-spacer\">\n\t\t\t<div class=\"elementor-spacer-inner\"><\/div>\n\t\t<\/div>\n\t\t\t\t\t\t<\/div>\n\t\t\t\t<\/div>\n\t\t\t\t\t<\/div>\n\t\t<\/div>\n\t\t\t\t\t<\/div>\n\t\t<\/section>\n\t\t<div class=\"elementor-element elementor-element-89a94d8 e-flex e-con-boxed e-con e-parent\" data-id=\"89a94d8\" data-element_type=\"container\" data-e-type=\"container\" data-settings=\"{&quot;jet_parallax_layout_list&quot;:[]}\">\n\t\t\t\t\t<div class=\"e-con-inner\">\n\t\t\t\t<div class=\"elementor-element elementor-element-504011b elementor-widget elementor-widget-spacer\" data-id=\"504011b\" data-element_type=\"widget\" data-e-type=\"widget\" data-widget_type=\"spacer.default\">\n\t\t\t\t<div class=\"elementor-widget-container\">\n\t\t\t\t\t\t\t<div class=\"elementor-spacer\">\n\t\t\t<div class=\"elementor-spacer-inner\"><\/div>\n\t\t<\/div>\n\t\t\t\t\t\t<\/div>\n\t\t\t\t<\/div>\n\t\t\t\t\t<\/div>\n\t\t\t\t<\/div>\n\t\t<div class=\"elementor-element elementor-element-8fe33ef e-con-full e-flex e-con e-parent\" data-id=\"8fe33ef\" data-element_type=\"container\" data-e-type=\"container\" data-settings=\"{&quot;jet_parallax_layout_list&quot;:[]}\">\n\t\t<div class=\"elementor-element elementor-element-5ddfd06 e-con-full e-flex e-con e-child\" data-id=\"5ddfd06\" data-element_type=\"container\" data-e-type=\"container\" data-settings=\"{&quot;jet_parallax_layout_list&quot;:[]}\">\n\t\t\t\t<div class=\"elementor-element elementor-element-38d8279 elementor-widget elementor-widget-image\" data-id=\"38d8279\" data-element_type=\"widget\" data-e-type=\"widget\" data-widget_type=\"image.default\">\n\t\t\t\t<div class=\"elementor-widget-container\">\n\t\t\t\t\t\t\t\t\t\t\t\t\t\t\t<img fetchpriority=\"high\" decoding=\"async\" width=\"800\" height=\"800\" src=\"https:\/\/ssvp.ca\/wp-content\/uploads\/2025\/03\/Monthly-Donor-1024x1024.png\" class=\"attachment-large size-large wp-image-42589\" alt=\"\" srcset=\"https:\/\/ssvp.ca\/wp-content\/uploads\/2025\/03\/Monthly-Donor-1024x1024.png 1024w, https:\/\/ssvp.ca\/wp-content\/uploads\/2025\/03\/Monthly-Donor-300x300.png 300w, https:\/\/ssvp.ca\/wp-content\/uploads\/2025\/03\/Monthly-Donor-150x150.png 150w, https:\/\/ssvp.ca\/wp-content\/uploads\/2025\/03\/Monthly-Donor-768x768.png 768w, https:\/\/ssvp.ca\/wp-content\/uploads\/2025\/03\/Monthly-Donor-1536x1536.png 1536w, https:\/\/ssvp.ca\/wp-content\/uploads\/2025\/03\/Monthly-Donor-2048x2048.png 2048w, https:\/\/ssvp.ca\/wp-content\/uploads\/2025\/03\/Monthly-Donor-600x600.png 600w, https:\/\/ssvp.ca\/wp-content\/uploads\/2025\/03\/Monthly-Donor-100x100.png 100w\" sizes=\"(max-width: 800px) 100vw, 800px\" \/>\t\t\t\t\t\t\t\t\t\t\t\t\t\t\t<\/div>\n\t\t\t\t<\/div>\n\t\t\t\t<\/div>\n\t\t<div class=\"elementor-element elementor-element-8601b83 e-con-full e-flex e-con e-child\" data-id=\"8601b83\" data-element_type=\"container\" data-e-type=\"container\" data-settings=\"{&quot;jet_parallax_layout_list&quot;:[]}\">\n\t\t\t\t<div class=\"elementor-element elementor-element-af3bdbc elementor-widget elementor-widget-heading\" data-id=\"af3bdbc\" data-element_type=\"widget\" data-e-type=\"widget\" data-widget_type=\"heading.default\">\n\t\t\t\t<div class=\"elementor-widget-container\">\n\t\t\t\t\t<h2 class=\"elementor-heading-title elementor-size-default\">Partenaires en espoir<\/h2>\t\t\t\t<\/div>\n\t\t\t\t<\/div>\n\t\t\t\t<\/div>\n\t\t\t\t<\/div>\n\t\t<div class=\"elementor-element elementor-element-decf259 e-flex e-con-boxed e-con e-parent\" data-id=\"decf259\" data-element_type=\"container\" data-e-type=\"container\" data-settings=\"{&quot;jet_parallax_layout_list&quot;:[]}\">\n\t\t\t\t\t<div class=\"e-con-inner\">\n\t\t\t\t<div class=\"elementor-element elementor-element-7cdd5f3 elementor-widget elementor-widget-text-editor\" data-id=\"7cdd5f3\" data-element_type=\"widget\" data-e-type=\"widget\" data-widget_type=\"text-editor.default\">\n\t\t\t\t<div class=\"elementor-widget-container\">\n\t\t\t\t\t\t\t\t\t<p>La Soci\u00e9t\u00e9 de Saint-Vincent de Paul (SSVP) est profond\u00e9ment reconnaissante \u00e0 tous les Partenaires en espoir qui nous soutiennent tout au long de l&rsquo;ann\u00e9e. Vos contributions constantes et compatissantes ont un impact profond sur la vie des personnes qui d\u00e9pendent de nos services, et votre d\u00e9vouement est une v\u00e9ritable source d&rsquo;inspiration. <\/p><br><p>Gr\u00e2ce \u00e0 vous, nous sommes en mesure de fournir des ressources vitales, du soutien et de l&rsquo;espoir aux familles et aux individus dans le besoin. Votre partenariat nous permet de poursuivre notre mission au service des personnes les plus vuln\u00e9rables et, ensemble, nous faisons une r\u00e9elle diff\u00e9rence dans la vie de nombreuses personnes. <\/p><br><h2 style=\"text-align: center;\">Merci!<\/h2>\t\t\t\t\t\t\t\t<\/div>\n\t\t\t\t<\/div>\n\t\t\t\t\t<\/div>\n\t\t\t\t<\/div>\n\t\t<div class=\"elementor-element elementor-element-2401b00 e-con-full e-flex e-con e-parent\" data-id=\"2401b00\" data-element_type=\"container\" data-e-type=\"container\" data-settings=\"{&quot;jet_parallax_layout_list&quot;:[],&quot;background_background&quot;:&quot;classic&quot;,&quot;background_motion_fx_motion_fx_scrolling&quot;:&quot;yes&quot;,&quot;background_motion_fx_translateY_effect&quot;:&quot;yes&quot;,&quot;background_motion_fx_translateY_speed&quot;:{&quot;unit&quot;:&quot;px&quot;,&quot;size&quot;:4,&quot;sizes&quot;:[]},&quot;background_motion_fx_translateY_affectedRange&quot;:{&quot;unit&quot;:&quot;%&quot;,&quot;size&quot;:&quot;&quot;,&quot;sizes&quot;:{&quot;start&quot;:0,&quot;end&quot;:100}},&quot;background_motion_fx_devices&quot;:[&quot;desktop&quot;,&quot;tablet&quot;,&quot;mobile&quot;]}\">\n\t\t<div class=\"elementor-element elementor-element-d674949 e-con-full e-flex e-con e-child\" data-id=\"d674949\" data-element_type=\"container\" data-e-type=\"container\" data-settings=\"{&quot;jet_parallax_layout_list&quot;:[]}\">\n\t\t\t\t<div class=\"elementor-element elementor-element-76fc252 elementor-widget elementor-widget-text-editor\" data-id=\"76fc252\" data-element_type=\"widget\" data-e-type=\"widget\" data-widget_type=\"text-editor.default\">\n\t\t\t\t<div class=\"elementor-widget-container\">\n\t\t\t\t\t\t\t\t\t<p style=\"text-align: center;\">Alan B.<br \/>Alejandro B.<br \/>Angeline B-C.<br \/>Anne-Clotilde C.<br \/>Antonio A.<br \/>Bernadette A.<br \/>Brooklyn F.<br \/>Cecilia V.<br \/>Christopher E. W.<br \/>Colin B.<br \/>Daniel U.<br \/>David D.<br \/>Denis L.<br \/>Dmitry K.<br \/>Elin W.<br \/>Eric S.<br \/>Florent D.<br \/>Francis F.<br \/>Fran\u00e7ois L.<br \/>George A.<br \/>Gilbert L.<br \/>Grace A.<br \/>Harold R.<br \/>Janet Y.<br \/>Jasper B.<\/p>\n\t\t\t\t\t\t\t\t<\/div>\n\t\t\t\t<\/div>\n\t\t\t\t<\/div>\n\t\t<div class=\"elementor-element elementor-element-be01cae e-con-full e-flex e-con e-child\" data-id=\"be01cae\" data-element_type=\"container\" data-e-type=\"container\" data-settings=\"{&quot;jet_parallax_layout_list&quot;:[]}\">\n\t\t\t\t<div class=\"elementor-element elementor-element-9297c0a elementor-widget elementor-widget-text-editor\" data-id=\"9297c0a\" data-element_type=\"widget\" data-e-type=\"widget\" data-widget_type=\"text-editor.default\">\n\t\t\t\t<div class=\"elementor-widget-container\">\n\t\t\t\t\t\t\t\t\t<p style=\"text-align: center;\">Jennifer H.<br \/>John M.<br \/>Kathleen C.<br \/>Kathy W.<br \/>Kenneth J. G.<br \/>Lauralene O-C.<br \/>Leonardo N.<br \/>Leslaw C.P.<br \/>Linda D.<br \/>Liza S.<br \/>Luc V.<br \/>Luca S.<br \/>Lyne L.<br \/>Lynn G.<br \/>Marc X<br \/>Margaret C-S.<br \/>Marion L.<br \/>Marlene S.<br \/>Megan B.<br \/>Melanie C.<br \/>Michael K.<br \/>Michael O.<br \/>Michal L.<br \/>Michelle S.<br \/>Mina K.<\/p>\n\t\t\t\t\t\t\t\t<\/div>\n\t\t\t\t<\/div>\n\t\t\t\t<\/div>\n\t\t<div class=\"elementor-element elementor-element-e08393a e-con-full e-flex e-con e-child\" data-id=\"e08393a\" data-element_type=\"container\" data-e-type=\"container\" data-settings=\"{&quot;jet_parallax_layout_list&quot;:[]}\">\n\t\t\t\t<div class=\"elementor-element elementor-element-ee72d60 elementor-widget elementor-widget-text-editor\" data-id=\"ee72d60\" data-element_type=\"widget\" data-e-type=\"widget\" data-widget_type=\"text-editor.default\">\n\t\t\t\t<div class=\"elementor-widget-container\">\n\t\t\t\t\t\t\t\t\t<p style=\"text-align: center;\">Miriam W.<br \/>Moran V. W.<br \/>Nahan A.<br \/>Nathalie B.<br \/>Neilson P.<br \/>Ofordile T-O.<br \/>Pat L.<br \/>Patrice M.<br \/>Paul &amp; Rose B.<br \/>Philip R.<br \/>Philippe Emmanuel B.<br \/>Raffaele A.<br \/>Richard P.<br \/>Richard T.<br \/>Roger B.<br \/>Romain M.<br \/>Sarah C.<br \/>Stecy C.<br \/>Sylvain L.<br \/>Thaddeus B.<br \/>Vincent P.<br \/>Vivian B.<br \/>Wilbert D.<br \/>Zeina E.<\/p>\n\t\t\t\t\t\t\t\t<\/div>\n\t\t\t\t<\/div>\n\t\t\t\t<\/div>\n\t\t\t\t<\/div>\n\t\t<div class=\"elementor-element elementor-element-4c672fc e-flex e-con-boxed e-con e-parent\" data-id=\"4c672fc\" data-element_type=\"container\" data-e-type=\"container\" data-settings=\"{&quot;jet_parallax_layout_list&quot;:[]}\">\n\t\t\t\t\t<div class=\"e-con-inner\">\n\t\t<div class=\"elementor-element elementor-element-b373b69 e-con-full e-flex e-con e-child\" data-id=\"b373b69\" data-element_type=\"container\" data-e-type=\"container\" data-settings=\"{&quot;jet_parallax_layout_list&quot;:[]}\">\n\t\t\t\t<div class=\"elementor-element elementor-element-ae9eb40 elementor-widget elementor-widget-image\" data-id=\"ae9eb40\" data-element_type=\"widget\" data-e-type=\"widget\" data-widget_type=\"image.default\">\n\t\t\t\t<div class=\"elementor-widget-container\">\n\t\t\t\t\t\t\t\t\t\t\t\t\t\t\t<img decoding=\"async\" src=\"https:\/\/ssvp.ca\/wp-content\/uploads\/elementor\/thumbs\/North-of-60-r4eim5sksbq8qlt0o2a0otqlgzy0bj5pw69l5fkf2c.jpg\" title=\"North of 60\" alt=\"North of 60\" loading=\"lazy\" \/>\t\t\t\t\t\t\t\t\t\t\t\t\t\t\t<\/div>\n\t\t\t\t<\/div>\n\t\t\t\t<\/div>\n\t\t<div class=\"elementor-element elementor-element-62c5427 e-con-full e-flex e-con e-child\" data-id=\"62c5427\" data-element_type=\"container\" data-e-type=\"container\" data-settings=\"{&quot;jet_parallax_layout_list&quot;:[]}\">\n\t\t\t\t<div class=\"elementor-element elementor-element-4080bec elementor-widget elementor-widget-image\" data-id=\"4080bec\" data-element_type=\"widget\" data-e-type=\"widget\" data-widget_type=\"image.default\">\n\t\t\t\t<div class=\"elementor-widget-container\">\n\t\t\t\t\t\t\t\t\t\t\t\t\t\t\t<img decoding=\"async\" src=\"https:\/\/ssvp.ca\/wp-content\/uploads\/elementor\/thumbs\/Clothing-r4eim2z27tmdrrx44j24zcg7oubwofuivsb4ploll0.jpg\" title=\"Clothing\" alt=\"Clothing\" loading=\"lazy\" \/>\t\t\t\t\t\t\t\t\t\t\t\t\t\t\t<\/div>\n\t\t\t\t<\/div>\n\t\t\t\t<\/div>\n\t\t<div class=\"elementor-element elementor-element-8f9beb8 e-con-full e-flex e-con e-child\" data-id=\"8f9beb8\" data-element_type=\"container\" data-e-type=\"container\" data-settings=\"{&quot;jet_parallax_layout_list&quot;:[]}\">\n\t\t\t\t<div class=\"elementor-element elementor-element-4e60880 elementor-widget elementor-widget-image\" data-id=\"4e60880\" data-element_type=\"widget\" data-e-type=\"widget\" data-widget_type=\"image.default\">\n\t\t\t\t<div class=\"elementor-widget-container\">\n\t\t\t\t\t\t\t\t\t\t\t\t\t\t\t<img decoding=\"async\" src=\"https:\/\/ssvp.ca\/wp-content\/uploads\/elementor\/thumbs\/Donation-r4eim3wwenno3dvqz1grju7oa879w4y97wym6vn7es.jpg\" title=\"Donation\" alt=\"Donation\" loading=\"lazy\" \/>\t\t\t\t\t\t\t\t\t\t\t\t\t\t\t<\/div>\n\t\t\t\t<\/div>\n\t\t\t\t<\/div>\n\t\t<div class=\"elementor-element elementor-element-e7c8978 e-con-full e-flex e-con e-child\" data-id=\"e7c8978\" data-element_type=\"container\" data-e-type=\"container\" data-settings=\"{&quot;jet_parallax_layout_list&quot;:[]}\">\n\t\t\t\t<div class=\"elementor-element elementor-element-7e57c30 elementor-widget elementor-widget-image\" data-id=\"7e57c30\" data-element_type=\"widget\" data-e-type=\"widget\" data-widget_type=\"image.default\">\n\t\t\t\t<div class=\"elementor-widget-container\">\n\t\t\t\t\t\t\t\t\t\t\t\t\t\t\t<img decoding=\"async\" src=\"https:\/\/ssvp.ca\/wp-content\/uploads\/elementor\/thumbs\/N-60-Ottawa-r4eim13du5jt4jzufi8vucxai2l691n27j05r1rdxg.jpg\" title=\"N 60 Ottawa\" alt=\"N 60 Ottawa\" loading=\"lazy\" \/>\t\t\t\t\t\t\t\t\t\t\t\t\t\t\t<\/div>\n\t\t\t\t<\/div>\n\t\t\t\t<\/div>\n\t\t\t\t\t<\/div>\n\t\t\t\t<\/div>\n\t\t\t\t<\/div>\n\t\t","protected":false},"excerpt":{"rendered":"<p>Partenaires en espoir La Soci\u00e9t\u00e9 de Saint-Vincent de Paul (SSVP) est profond\u00e9ment reconnaissante \u00e0 tous les Partenaires en espoir qui nous soutiennent tout au long de l&rsquo;ann\u00e9e. Vos contributions constantes et compatissantes ont un impact profond sur la vie des personnes qui d\u00e9pendent de nos services, et votre d\u00e9vouement est une v\u00e9ritable source d&rsquo;inspiration. Gr\u00e2ce [&hellip;]<\/p>\n","protected":false},"author":4,"featured_media":0,"parent":0,"menu_order":0,"comment_status":"closed","ping_status":"closed","template":"","meta":{"_acf_changed":false,"_seopress_robots_primary_cat":"","_seopress_titles_title":"Partenaires en espoir - Conseil national du Canada de la SSVP - Merci !","_seopress_titles_desc":"La Soci\u00e9t\u00e9 de Saint-Vincent de Paul (SSVP) est profond\u00e9ment reconnaissante \u00e0 tous ses Partenaires en l'Espoir qui nous soutiennent tout au long de l'ann\u00e9e.","_seopress_robots_index":"","om_disable_all_campaigns":false,"_monsterinsights_skip_tracking":false,"_monsterinsights_sitenote_active":false,"_monsterinsights_sitenote_note":"","_monsterinsights_sitenote_category":0,"_uf_show_specific_survey":0,"_uf_disable_surveys":false,"footnotes":""},"regions":[],"class_list":["post-44646","page","type-page","status-publish","hentry"],"acf":[],"_links":{"self":[{"href":"https:\/\/ssvp.ca\/fr\/wp-json\/wp\/v2\/pages\/44646","targetHints":{"allow":["GET"]}}],"collection":[{"href":"https:\/\/ssvp.ca\/fr\/wp-json\/wp\/v2\/pages"}],"about":[{"href":"https:\/\/ssvp.ca\/fr\/wp-json\/wp\/v2\/types\/page"}],"author":[{"embeddable":true,"href":"https:\/\/ssvp.ca\/fr\/wp-json\/wp\/v2\/users\/4"}],"replies":[{"embeddable":true,"href":"https:\/\/ssvp.ca\/fr\/wp-json\/wp\/v2\/comments?post=44646"}],"version-history":[{"count":0,"href":"https:\/\/ssvp.ca\/fr\/wp-json\/wp\/v2\/pages\/44646\/revisions"}],"wp:attachment":[{"href":"https:\/\/ssvp.ca\/fr\/wp-json\/wp\/v2\/media?parent=44646"}],"wp:term":[{"taxonomy":"regions","embeddable":true,"href":"https:\/\/ssvp.ca\/fr\/wp-json\/wp\/v2\/regions?post=44646"}],"curies":[{"name":"wp","href":"https:\/\/api.w.org\/{rel}","templated":true}]}}