{"id":43766,"date":"2025-03-31T08:31:53","date_gmt":"2025-03-31T12:31:53","guid":{"rendered":"https:\/\/ssvp.ca\/?page_id=43766"},"modified":"2025-03-31T12:22:28","modified_gmt":"2025-03-31T16:22:28","slug":"don-de-voiture","status":"publish","type":"page","link":"https:\/\/ssvp.ca\/fr\/don-de-voiture\/","title":{"rendered":"Faire un don de voiture"},"content":{"rendered":"\t\t<div data-elementor-type=\"wp-page\" data-elementor-id=\"43766\" class=\"elementor elementor-43766 elementor-43765\" data-elementor-post-type=\"page\">\n\t\t\t\t\t\t<section class=\"elementor-section elementor-top-section elementor-element elementor-element-ab9afa4 elementor-section-boxed elementor-section-height-default elementor-section-height-default\" data-id=\"ab9afa4\" data-element_type=\"section\" data-settings=\"{&quot;jet_parallax_layout_list&quot;:[]}\">\n\t\t\t\t\t\t<div class=\"elementor-container elementor-column-gap-default\">\n\t\t\t\t\t<div class=\"elementor-column elementor-col-100 elementor-top-column elementor-element elementor-element-28b476a\" data-id=\"28b476a\" data-element_type=\"column\">\n\t\t\t<div class=\"elementor-widget-wrap\">\n\t\t\t\t\t\t\t<\/div>\n\t\t<\/div>\n\t\t\t\t\t<\/div>\n\t\t<\/section>\n\t\t\t\t<section class=\"elementor-section elementor-top-section elementor-element elementor-element-4ee1b66 elementor-section-boxed elementor-section-height-default elementor-section-height-default\" data-id=\"4ee1b66\" data-element_type=\"section\" data-settings=\"{&quot;jet_parallax_layout_list&quot;:[]}\">\n\t\t\t\t\t\t<div class=\"elementor-container elementor-column-gap-default\">\n\t\t\t\t\t<div class=\"elementor-column elementor-col-100 elementor-top-column elementor-element elementor-element-c010980\" data-id=\"c010980\" data-element_type=\"column\">\n\t\t\t<div class=\"elementor-widget-wrap\">\n\t\t\t\t\t\t\t<\/div>\n\t\t<\/div>\n\t\t\t\t\t<\/div>\n\t\t<\/section>\n\t\t\t\t<section class=\"elementor-section elementor-top-section elementor-element elementor-element-752999f elementor-section-boxed elementor-section-height-default elementor-section-height-default\" data-id=\"752999f\" data-element_type=\"section\" data-settings=\"{&quot;jet_parallax_layout_list&quot;:[]}\">\n\t\t\t\t\t\t<div class=\"elementor-container elementor-column-gap-default\">\n\t\t\t\t\t<div class=\"elementor-column elementor-col-100 elementor-top-column elementor-element elementor-element-0d15955\" data-id=\"0d15955\" data-element_type=\"column\">\n\t\t\t<div class=\"elementor-widget-wrap elementor-element-populated\">\n\t\t\t\t\t\t<section class=\"elementor-section elementor-inner-section elementor-element elementor-element-151760d elementor-section-boxed elementor-section-height-default elementor-section-height-default\" data-id=\"151760d\" data-element_type=\"section\" data-settings=\"{&quot;jet_parallax_layout_list&quot;:[]}\">\n\t\t\t\t\t\t<div class=\"elementor-container elementor-column-gap-default\">\n\t\t\t\t\t<div class=\"elementor-column elementor-col-100 elementor-inner-column elementor-element elementor-element-c314095\" data-id=\"c314095\" data-element_type=\"column\">\n\t\t\t<div class=\"elementor-widget-wrap elementor-element-populated\">\n\t\t\t\t\t\t<div class=\"elementor-element elementor-element-6b30317 elementor-widget elementor-widget-image\" data-id=\"6b30317\" data-element_type=\"widget\" data-widget_type=\"image.default\">\n\t\t\t\t<div class=\"elementor-widget-container\">\n\t\t\t\t\t\t\t\t\t\t\t\t\t\t\t<img fetchpriority=\"high\" decoding=\"async\" width=\"768\" height=\"192\" src=\"https:\/\/ssvp.ca\/wp-content\/uploads\/2025\/03\/Donate-A-Car-Canada-Logo-768x192.png\" class=\"attachment-medium_large size-medium_large wp-image-43768\" alt=\"\" srcset=\"https:\/\/ssvp.ca\/wp-content\/uploads\/2025\/03\/Donate-A-Car-Canada-Logo-768x192.png 768w, https:\/\/ssvp.ca\/wp-content\/uploads\/2025\/03\/Donate-A-Car-Canada-Logo-300x75.png 300w, https:\/\/ssvp.ca\/wp-content\/uploads\/2025\/03\/Donate-A-Car-Canada-Logo-1024x256.png 1024w, https:\/\/ssvp.ca\/wp-content\/uploads\/2025\/03\/Donate-A-Car-Canada-Logo-600x150.png 600w, https:\/\/ssvp.ca\/wp-content\/uploads\/2025\/03\/Donate-A-Car-Canada-Logo.png 1200w\" sizes=\"(max-width: 768px) 100vw, 768px\" \/>\t\t\t\t\t\t\t\t\t\t\t\t\t\t\t<\/div>\n\t\t\t\t<\/div>\n\t\t\t\t<div class=\"elementor-element elementor-element-b15de77 elementor-widget elementor-widget-text-editor\" data-id=\"b15de77\" data-element_type=\"widget\" data-widget_type=\"text-editor.default\">\n\t\t\t\t<div class=\"elementor-widget-container\">\n\t\t\t\t\t\t\t\t\t<p>La Soci\u00e9t\u00e9 de Saint-Vincent de Paul s&rsquo;associe \u00e0 <em>Donate a Car Canada<\/em> pour accepter votre don de voiture ! Le remorquage est gratuit ou vous pouvez d\u00e9poser votre v\u00e9hicule pour maximiser votre don. Lorsque vous faites don de votre voiture, camion, VR, bateau ou moto \u00e0 la SSVP par l&rsquo;entremise de <em>Donate a Car Canada<\/em> le v\u00e9hicule sera recycl\u00e9 ou revendu (selon son \u00e9tat, son \u00e2ge et l&rsquo;endroit o\u00f9 il se trouve). <em>Donate a Car Canada<\/em> s&rsquo;occupera de tous les d\u00e9tails pour que la Soci\u00e9t\u00e9 de Saint-Vincent de Paul puisse en b\u00e9n\u00e9ficier. Vous recevrez un re\u00e7u aux fins de l&rsquo;imp\u00f4t une fois que votre don de voiture aura \u00e9t\u00e9 trait\u00e9 !<\/p>\n<p class=\"\" data-start=\"76\" data-end=\"315\">Nous vous prions de bien vouloir nous excuser, le formulaire est disponible en anglais seulement. Pour toute assistance, n&rsquo;h\u00e9sitez pas \u00e0 nous contacter \u00e0 l&rsquo;adresse suivante : <a href=\"mailto:national@ssvp.ca\" rel=\"noopener\" data-start=\"271\" data-end=\"314\">national@ssvp.ca<\/a>.<\/p>\n<p class=\"\" data-start=\"317\" data-end=\"349\">Nous serons ravis de vous aider.<\/p>\n\t\t\t\t\t\t\t\t<\/div>\n\t\t\t\t<\/div>\n\t\t\t\t<div class=\"elementor-element elementor-element-445ffbe elementor-align-center elementor-widget elementor-widget-button\" data-id=\"445ffbe\" data-element_type=\"widget\" data-widget_type=\"button.default\">\n\t\t\t\t<div class=\"elementor-widget-container\">\n\t\t\t\t\t\t\t\t\t<div class=\"elementor-button-wrapper\">\n\t\t\t\t\t<a class=\"elementor-button elementor-button-link elementor-size-sm\" href=\"https:\/\/donatecar.ca\/org\/donate.php?charitypage=SocietySaintVincentdePaul\">\n\t\t\t\t\t\t<span class=\"elementor-button-content-wrapper\">\n\t\t\t\t\t\t\t\t\t<span class=\"elementor-button-text\">Faire un don de voiture maintenant<\/span>\n\t\t\t\t\t<\/span>\n\t\t\t\t\t<\/a>\n\t\t\t\t<\/div>\n\t\t\t\t\t\t\t\t<\/div>\n\t\t\t\t<\/div>\n\t\t\t\t\t<\/div>\n\t\t<\/div>\n\t\t\t\t\t<\/div>\n\t\t<\/section>\n\t\t\t\t\t<\/div>\n\t\t<\/div>\n\t\t\t\t\t<\/div>\n\t\t<\/section>\n\t\t<div class=\"elementor-element elementor-element-972314d e-flex e-con-boxed e-con e-parent\" data-id=\"972314d\" data-element_type=\"container\" data-settings=\"{&quot;jet_parallax_layout_list&quot;:[]}\">\n\t\t\t\t\t<div class=\"e-con-inner\">\n\t\t<div class=\"elementor-element elementor-element-0559c07 e-con-full e-flex e-con e-child\" data-id=\"0559c07\" data-element_type=\"container\" data-settings=\"{&quot;jet_parallax_layout_list&quot;:[]}\">\n\t\t\t\t<\/div>\n\t\t<div class=\"elementor-element elementor-element-987b575 e-con-full e-flex e-con e-child\" data-id=\"987b575\" data-element_type=\"container\" data-settings=\"{&quot;jet_parallax_layout_list&quot;:[]}\">\n\t\t\t\t<\/div>\n\t\t\t\t\t<\/div>\n\t\t\t\t<\/div>\n\t\t\t\t<\/div>\n\t\t","protected":false},"excerpt":{"rendered":"<p>La Soci\u00e9t\u00e9 de Saint-Vincent de Paul s&rsquo;associe \u00e0 Donate a Car Canada pour accepter votre don de voiture ! Le remorquage est gratuit ou vous pouvez d\u00e9poser votre v\u00e9hicule pour maximiser votre don. Lorsque vous faites don de votre voiture, camion, VR, bateau ou moto \u00e0 la SSVP par l&rsquo;entremise de Donate a Car Canada [&hellip;]<\/p>\n","protected":false},"author":4,"featured_media":0,"parent":0,"menu_order":0,"comment_status":"closed","ping_status":"closed","template":"","meta":{"_acf_changed":false,"_seopress_robots_primary_cat":"","_seopress_titles_title":"Donate Your Car to SSVP \u2013 Make a Difference Today!","_seopress_titles_desc":"Donate your car today and make a difference! Turn your vehicle into a charitable contribution, helping those in need while benefiting from tax deductions. Donate easily and help create positive change in your community.","_seopress_robots_index":"","om_disable_all_campaigns":false,"_monsterinsights_skip_tracking":false,"_monsterinsights_sitenote_active":false,"_monsterinsights_sitenote_note":"","_monsterinsights_sitenote_category":0,"_uf_show_specific_survey":0,"_uf_disable_surveys":false,"footnotes":""},"regions":[],"class_list":["post-43766","page","type-page","status-publish","hentry"],"acf":[],"_links":{"self":[{"href":"https:\/\/ssvp.ca\/fr\/wp-json\/wp\/v2\/pages\/43766","targetHints":{"allow":["GET"]}}],"collection":[{"href":"https:\/\/ssvp.ca\/fr\/wp-json\/wp\/v2\/pages"}],"about":[{"href":"https:\/\/ssvp.ca\/fr\/wp-json\/wp\/v2\/types\/page"}],"author":[{"embeddable":true,"href":"https:\/\/ssvp.ca\/fr\/wp-json\/wp\/v2\/users\/4"}],"replies":[{"embeddable":true,"href":"https:\/\/ssvp.ca\/fr\/wp-json\/wp\/v2\/comments?post=43766"}],"version-history":[{"count":0,"href":"https:\/\/ssvp.ca\/fr\/wp-json\/wp\/v2\/pages\/43766\/revisions"}],"wp:attachment":[{"href":"https:\/\/ssvp.ca\/fr\/wp-json\/wp\/v2\/media?parent=43766"}],"wp:term":[{"taxonomy":"regions","embeddable":true,"href":"https:\/\/ssvp.ca\/fr\/wp-json\/wp\/v2\/regions?post=43766"}],"curies":[{"name":"wp","href":"https:\/\/api.w.org\/{rel}","templated":true}]}}