{"id":22533,"date":"2023-12-18T20:43:07","date_gmt":"2023-12-18T20:43:07","guid":{"rendered":"https:\/\/ssvp.ca\/rapport-impact-dans-la-communaute\/"},"modified":"2025-08-21T11:16:08","modified_gmt":"2025-08-21T15:16:08","slug":"rapport-impact-dans-la-communaute","status":"publish","type":"page","link":"https:\/\/ssvp.ca\/fr\/rapport-impact-dans-la-communaute\/","title":{"rendered":"Rapport d&rsquo;impact dans la communaut\u00e9"},"content":{"rendered":"\t\t<div data-elementor-type=\"wp-page\" data-elementor-id=\"22533\" class=\"elementor elementor-22533 elementor-22526\" data-elementor-post-type=\"page\">\n\t\t\t\t\t\t<section class=\"elementor-section elementor-top-section elementor-element elementor-element-46a60a5 elementor-section-boxed elementor-section-height-default elementor-section-height-default\" data-id=\"46a60a5\" data-element_type=\"section\" data-settings=\"{&quot;jet_parallax_layout_list&quot;:[]}\">\n\t\t\t\t\t\t<div class=\"elementor-container elementor-column-gap-default\">\n\t\t\t\t\t<div class=\"elementor-column elementor-col-50 elementor-top-column elementor-element elementor-element-24e8b09\" data-id=\"24e8b09\" data-element_type=\"column\">\n\t\t\t<div class=\"elementor-widget-wrap\">\n\t\t\t\t\t\t\t<\/div>\n\t\t<\/div>\n\t\t\t\t<div class=\"elementor-column elementor-col-50 elementor-top-column elementor-element elementor-element-f90c570\" data-id=\"f90c570\" data-element_type=\"column\">\n\t\t\t<div class=\"elementor-widget-wrap\">\n\t\t\t\t\t\t\t<\/div>\n\t\t<\/div>\n\t\t\t\t\t<\/div>\n\t\t<\/section>\n\t\t\t\t<section class=\"elementor-section elementor-top-section elementor-element elementor-element-3d07863 elementor-section-boxed elementor-section-height-default elementor-section-height-default\" data-id=\"3d07863\" data-element_type=\"section\" data-settings=\"{&quot;jet_parallax_layout_list&quot;:[{&quot;jet_parallax_layout_image&quot;:{&quot;url&quot;:&quot;&quot;,&quot;id&quot;:&quot;&quot;,&quot;size&quot;:&quot;&quot;},&quot;_id&quot;:&quot;22d2891&quot;,&quot;jet_parallax_layout_image_tablet&quot;:{&quot;url&quot;:&quot;&quot;,&quot;id&quot;:&quot;&quot;,&quot;size&quot;:&quot;&quot;},&quot;jet_parallax_layout_image_mobile&quot;:{&quot;url&quot;:&quot;&quot;,&quot;id&quot;:&quot;&quot;,&quot;size&quot;:&quot;&quot;},&quot;jet_parallax_layout_speed&quot;:{&quot;unit&quot;:&quot;%&quot;,&quot;size&quot;:50,&quot;sizes&quot;:[]},&quot;jet_parallax_layout_type&quot;:&quot;scroll&quot;,&quot;jet_parallax_layout_direction&quot;:&quot;1&quot;,&quot;jet_parallax_layout_fx_direction&quot;:null,&quot;jet_parallax_layout_z_index&quot;:&quot;&quot;,&quot;jet_parallax_layout_bg_x&quot;:50,&quot;jet_parallax_layout_bg_x_tablet&quot;:&quot;&quot;,&quot;jet_parallax_layout_bg_x_mobile&quot;:&quot;&quot;,&quot;jet_parallax_layout_bg_y&quot;:50,&quot;jet_parallax_layout_bg_y_tablet&quot;:&quot;&quot;,&quot;jet_parallax_layout_bg_y_mobile&quot;:&quot;&quot;,&quot;jet_parallax_layout_bg_size&quot;:&quot;auto&quot;,&quot;jet_parallax_layout_bg_size_tablet&quot;:&quot;&quot;,&quot;jet_parallax_layout_bg_size_mobile&quot;:&quot;&quot;,&quot;jet_parallax_layout_animation_prop&quot;:&quot;transform&quot;,&quot;jet_parallax_layout_on&quot;:[&quot;desktop&quot;,&quot;tablet&quot;]}]}\">\n\t\t\t\t\t\t<div class=\"elementor-container elementor-column-gap-wider\">\n\t\t\t\t\t<div class=\"elementor-column elementor-col-50 elementor-top-column elementor-element elementor-element-ce0e6bb\" data-id=\"ce0e6bb\" data-element_type=\"column\">\n\t\t\t<div class=\"elementor-widget-wrap elementor-element-populated\">\n\t\t\t\t\t\t<div class=\"elementor-element elementor-element-fd1538d elementor-widget elementor-widget-heading\" data-id=\"fd1538d\" data-element_type=\"widget\" data-widget_type=\"heading.default\">\n\t\t\t\t<div class=\"elementor-widget-container\">\n\t\t\t\t\t<h2 class=\"elementor-heading-title elementor-size-default\"> Rapport d\u2019impact dans la communaut\u00e9<\/h2>\t\t\t\t<\/div>\n\t\t\t\t<\/div>\n\t\t\t\t<div class=\"elementor-element elementor-element-234d087 elementor-widget elementor-widget-text-editor\" data-id=\"234d087\" data-element_type=\"widget\" data-widget_type=\"text-editor.default\">\n\t\t\t\t<div class=\"elementor-widget-container\">\n\t\t\t\t\t\t\t\t\t<p>D\u00e9couvrez le rapport d\u2019impact dans la communaut\u00e9 de la SSVP Canada, qui d\u00e9taille comment les Vincentiens \u00e0 travers le pays ont apport\u00e9 un soutien vital gr\u00e2ce \u00e0 l&rsquo;aide alimentaire, l&rsquo;aide au logement, les initiatives de justice sociale et les actions communautaires.<\/p>\n\t\t\t\t\t\t\t\t<\/div>\n\t\t\t\t<\/div>\n\t\t\t\t\t<\/div>\n\t\t<\/div>\n\t\t\t\t<div class=\"elementor-column elementor-col-50 elementor-top-column elementor-element elementor-element-0cb48df\" data-id=\"0cb48df\" data-element_type=\"column\">\n\t\t\t<div class=\"elementor-widget-wrap elementor-element-populated\">\n\t\t\t\t\t\t<div class=\"elementor-element elementor-element-f1984db elementor-widget elementor-widget-image\" data-id=\"f1984db\" data-element_type=\"widget\" data-widget_type=\"image.default\">\n\t\t\t\t<div class=\"elementor-widget-container\">\n\t\t\t\t\t\t\t\t\t\t\t\t\t\t\t<img fetchpriority=\"high\" decoding=\"async\" width=\"800\" height=\"533\" src=\"https:\/\/ssvp.ca\/wp-content\/uploads\/2021\/09\/Community-scaled.jpg\" class=\"attachment-large size-large wp-image-14416\" alt=\"\" \/>\t\t\t\t\t\t\t\t\t\t\t\t\t\t\t<\/div>\n\t\t\t\t<\/div>\n\t\t\t\t\t<\/div>\n\t\t<\/div>\n\t\t\t\t\t<\/div>\n\t\t<\/section>\n\t\t\t\t<section class=\"elementor-section elementor-top-section elementor-element elementor-element-f9ea2d6 elementor-section-boxed elementor-section-height-default elementor-section-height-default\" data-id=\"f9ea2d6\" data-element_type=\"section\" data-settings=\"{&quot;jet_parallax_layout_list&quot;:[]}\">\n\t\t\t\t\t\t<div class=\"elementor-container elementor-column-gap-default\">\n\t\t\t\t\t<div class=\"elementor-column elementor-col-100 elementor-top-column elementor-element elementor-element-e786aeb\" data-id=\"e786aeb\" data-element_type=\"column\">\n\t\t\t<div class=\"elementor-widget-wrap elementor-element-populated\">\n\t\t\t\t\t\t<div class=\"elementor-element elementor-element-89404d9 elementor-widget-divider--view-line elementor-widget elementor-widget-divider\" data-id=\"89404d9\" data-element_type=\"widget\" data-widget_type=\"divider.default\">\n\t\t\t\t<div class=\"elementor-widget-container\">\n\t\t\t\t\t\t\t<div class=\"elementor-divider\">\n\t\t\t<span class=\"elementor-divider-separator\">\n\t\t\t\t\t\t<\/span>\n\t\t<\/div>\n\t\t\t\t\t\t<\/div>\n\t\t\t\t<\/div>\n\t\t\t\t<div class=\"elementor-element elementor-element-9fe9f18 elementor-widget elementor-widget-text-editor\" data-id=\"9fe9f18\" data-element_type=\"widget\" data-widget_type=\"text-editor.default\">\n\t\t\t\t<div class=\"elementor-widget-container\">\n\t\t\t\t\t\t\t\t\t<h4>2024<\/h4><br><p><a href=\"https:\/\/ssvp.ca\/wp-content\/uploads\/2025\/06\/Impact-Report-2024-FRA.pdf\" target=\"_blank\" rel=\"noopener\">2024 \u2013 Rapport d\u2019impact dans la communaut\u00e9<\/a><br \/>\r\n<a href=\"https:\/\/ssvp.ca\/wp-content\/uploads\/2025\/06\/Soc-St-Vincent-de-Paul-EF-2024-FR.pdf\" target=\"_blank\" rel=\"noopener\">2024 \u2013 \u00c9tats financiers<\/a><\/p><br><h4>2023<\/h4><br><p><a href=\"https:\/\/ssvp.ca\/wp-content\/uploads\/2025\/03\/Impact-Report-2023-FRA.pdf\" target=\"_blank\" rel=\"noopener\">2023 \u2013 Rapport d\u2019impact dans la communaut\u00e9<\/a><br \/>\r\n<a href=\"https:\/\/ssvp.ca\/wp-content\/uploads\/2025\/03\/Soc-St-Vincent-EF-signer-2023.pdf\" target=\"_blank\" rel=\"noopener\">2023 \u2013 \u00c9tats financiers <\/a><\/p><br><h4>2022-2023<\/h4><br><p><a href=\"https:\/\/ssvp.ca\/wp-content\/uploads\/2023\/08\/Rapport-Impact-2022-202327.pdf\" target=\"_blank\" rel=\"noopener\">2022-2023 \u2013 Rapport d\u2019impact dans la communaut\u00e9<\/a><br \/>\r\n<a href=\"https:\/\/ssvp.ca\/wp-content\/uploads\/2023\/08\/Soc-St-Vincent-Etats-Financiers-Signer-2023.pdf\" target=\"_blank\" rel=\"noopener\">2022-2023 \u2013 \u00c9tats financiers\u00a0<\/a><\/p><br><h4>2021-2022<\/h4><br><p><a href=\"https:\/\/ssvp.ca\/wp-content\/uploads\/2022\/06\/FRA-Impact-Report-2021-2022.pdf\" target=\"_blank\" rel=\"noopener\">2021-2022 \u2013<\/a> <a href=\"https:\/\/ssvp.ca\/wp-content\/uploads\/2022\/06\/FRA-Impact-Report-2021-2022.pdf\" target=\"_blank\" rel=\"noopener\">Rapport d\u2019impact dans la communaut\u00e9<\/a><br \/>\r\n<a href=\"https:\/\/ssvp.ca\/wp-content\/uploads\/2022\/07\/Soc-St-Vincent-Review-EF-Signer-20220331.pdf\" target=\"_blank\" rel=\"noopener\">2021-2022 \u2013 \u00c9tats financiers\u00a0<\/a><\/p><br><h4>2020-2021<\/h4><br><p><a href=\"https:\/\/ssvp.yoursite.dev\/wp-content\/uploads\/2021\/11\/2021-06_ssvp_rapport_dimpact_dans_la_communaute.pdf\" target=\"_blank\" rel=\"noopener\">2020-2021 \u2013 Rapport d\u2019impact dans la communaut\u00e9<\/a><br \/>\r\n<a href=\"https:\/\/ssvp.yoursite.dev\/wp-content\/uploads\/2021\/11\/fra-ssvp_etats_financier_2020-2021.pdf\" target=\"_blank\" rel=\"noopener\">2020-2021\u00a0\u2013 \u00c9tats financiers<\/a><\/p><br><h4>2019-2020<\/h4><br><p><a href=\"https:\/\/ssvp.yoursite.dev\/wp-content\/uploads\/2021\/11\/an-rep-2019-2020-f.pdf\" target=\"_blank\" rel=\"noopener\">2019-2020\u00a0\u2013 Rapport annuel \u2013 Conseil national<\/a><br \/>\r\n<a href=\"https:\/\/ssvp.yoursite.dev\/wp-content\/uploads\/2021\/11\/ssvp_etats_financiers_signer_2020.pdf\" target=\"_blank\" rel=\"noopener\">2019-2020\u00a0\u2013 \u00c9tats financiers\u00a0<\/a><\/p><br><h4>2018-2019<\/h4><br><p><a href=\"https:\/\/ssvp.yoursite.dev\/wp-content\/uploads\/2021\/11\/ssvp-an-rep-2018-web-fr.pdf\" target=\"_blank\" rel=\"noopener\">2018-2019\u00a0\u2013 Rapport annuel \u2013 Conseil national<\/a><br \/>\r\n<a href=\"https:\/\/ssvp.yoursite.dev\/wp-content\/uploads\/2021\/11\/ssvp-etats_financiers_2019-ef.pdf\" target=\"_blank\" rel=\"noopener\">2018-2019 \u2013 \u00c9tats financiers<\/a><\/p><br><h4>2017-2018<\/h4><br><p><a href=\"https:\/\/www.ssvp.ca\/sites\/default\/files\/ssvp-an-rep-2018-web-fr.pdf\">2017-2018 \u2013 Rapport annuel \u2013 Conseil national<\/a><br \/>\r\n<a href=\"https:\/\/ssvp.yoursite.dev\/wp-content\/uploads\/2021\/11\/etats_financiers_-_2018r.pdf\" target=\"_blank\" rel=\"noopener\">2017-2018 \u2013 \u00c9tats financiers<\/a><\/p>\t\t\t\t\t\t\t\t<\/div>\n\t\t\t\t<\/div>\n\t\t\t\t\t<\/div>\n\t\t<\/div>\n\t\t\t\t\t<\/div>\n\t\t<\/section>\n\t\t\t\t<\/div>\n\t\t","protected":false},"excerpt":{"rendered":"<p>Rapport d\u2019impact dans la communaut\u00e9 D\u00e9couvrez le rapport d\u2019impact dans la communaut\u00e9 de la SSVP Canada, qui d\u00e9taille comment les Vincentiens \u00e0 travers le pays ont apport\u00e9 un soutien vital gr\u00e2ce \u00e0 l&rsquo;aide alimentaire, l&rsquo;aide au logement, les initiatives de justice sociale et les actions communautaires. 2024 2024 \u2013 Rapport d\u2019impact dans la communaut\u00e9 2024 [&hellip;]<\/p>\n","protected":false},"author":4,"featured_media":0,"parent":0,"menu_order":0,"comment_status":"closed","ping_status":"closed","template":"","meta":{"_acf_changed":false,"_seopress_robots_primary_cat":"","_seopress_titles_title":"","_seopress_titles_desc":"","_seopress_robots_index":"","om_disable_all_campaigns":false,"_monsterinsights_skip_tracking":false,"_monsterinsights_sitenote_active":false,"_monsterinsights_sitenote_note":"","_monsterinsights_sitenote_category":0,"_uf_show_specific_survey":0,"_uf_disable_surveys":false,"footnotes":""},"regions":[],"class_list":["post-22533","page","type-page","status-publish","hentry"],"acf":[],"_links":{"self":[{"href":"https:\/\/ssvp.ca\/fr\/wp-json\/wp\/v2\/pages\/22533","targetHints":{"allow":["GET"]}}],"collection":[{"href":"https:\/\/ssvp.ca\/fr\/wp-json\/wp\/v2\/pages"}],"about":[{"href":"https:\/\/ssvp.ca\/fr\/wp-json\/wp\/v2\/types\/page"}],"author":[{"embeddable":true,"href":"https:\/\/ssvp.ca\/fr\/wp-json\/wp\/v2\/users\/4"}],"replies":[{"embeddable":true,"href":"https:\/\/ssvp.ca\/fr\/wp-json\/wp\/v2\/comments?post=22533"}],"version-history":[{"count":0,"href":"https:\/\/ssvp.ca\/fr\/wp-json\/wp\/v2\/pages\/22533\/revisions"}],"wp:attachment":[{"href":"https:\/\/ssvp.ca\/fr\/wp-json\/wp\/v2\/media?parent=22533"}],"wp:term":[{"taxonomy":"regions","embeddable":true,"href":"https:\/\/ssvp.ca\/fr\/wp-json\/wp\/v2\/regions?post=22533"}],"curies":[{"name":"wp","href":"https:\/\/api.w.org\/{rel}","templated":true}]}}