{"id":21754,"date":"2023-11-28T17:18:49","date_gmt":"2023-11-28T17:18:49","guid":{"rendered":"https:\/\/ssvp.ca\/?page_id=21754"},"modified":"2026-01-14T12:02:16","modified_gmt":"2026-01-14T17:02:16","slug":"gratitude","status":"publish","type":"page","link":"https:\/\/ssvp.ca\/fr\/gratitude\/","title":{"rendered":"Gratitude"},"content":{"rendered":"\t\t<div data-elementor-type=\"wp-page\" data-elementor-id=\"21754\" class=\"elementor elementor-21754 elementor-21392\" data-elementor-post-type=\"page\">\n\t\t\t\t\t\t<section class=\"elementor-section elementor-top-section elementor-element elementor-element-dc3288f elementor-section-boxed elementor-section-height-default elementor-section-height-default\" data-id=\"dc3288f\" data-element_type=\"section\" data-e-type=\"section\" data-settings=\"{&quot;jet_parallax_layout_list&quot;:[]}\">\n\t\t\t\t\t\t<div class=\"elementor-container elementor-column-gap-default\">\n\t\t\t\t\t<div class=\"elementor-column elementor-col-100 elementor-top-column elementor-element elementor-element-0b6a76c\" data-id=\"0b6a76c\" data-element_type=\"column\" data-e-type=\"column\">\n\t\t\t<div class=\"elementor-widget-wrap elementor-element-populated\">\n\t\t\t\t\t\t<div class=\"elementor-element elementor-element-b7b55d8 elementor-widget elementor-widget-spacer\" data-id=\"b7b55d8\" data-element_type=\"widget\" data-e-type=\"widget\" data-widget_type=\"spacer.default\">\n\t\t\t\t<div class=\"elementor-widget-container\">\n\t\t\t\t\t\t\t<div class=\"elementor-spacer\">\n\t\t\t<div class=\"elementor-spacer-inner\"><\/div>\n\t\t<\/div>\n\t\t\t\t\t\t<\/div>\n\t\t\t\t<\/div>\n\t\t\t\t\t<\/div>\n\t\t<\/div>\n\t\t\t\t\t<\/div>\n\t\t<\/section>\n\t\t<div class=\"elementor-element elementor-element-89a94d8 e-flex e-con-boxed e-con e-parent\" data-id=\"89a94d8\" data-element_type=\"container\" data-e-type=\"container\" data-settings=\"{&quot;jet_parallax_layout_list&quot;:[]}\">\n\t\t\t\t\t<div class=\"e-con-inner\">\n\t\t<div class=\"elementor-element elementor-element-db345b2 e-con-full e-flex e-con e-child\" data-id=\"db345b2\" data-element_type=\"container\" data-e-type=\"container\" data-settings=\"{&quot;jet_parallax_layout_list&quot;:[]}\">\n\t\t\t\t<div class=\"elementor-element elementor-element-c1780e5 elementor-widget elementor-widget-heading\" data-id=\"c1780e5\" data-element_type=\"widget\" data-e-type=\"widget\" data-widget_type=\"heading.default\">\n\t\t\t\t<div class=\"elementor-widget-container\">\n\t\t\t\t\t<h2 class=\"elementor-heading-title elementor-size-default\">Remerciements \u00e0 nos donateurs g\u00e9n\u00e9reux<\/h2>\t\t\t\t<\/div>\n\t\t\t\t<\/div>\n\t\t\t\t<div class=\"elementor-element elementor-element-a75aae7 elementor-widget elementor-widget-text-editor\" data-id=\"a75aae7\" data-element_type=\"widget\" data-e-type=\"widget\" data-widget_type=\"text-editor.default\">\n\t\t\t\t<div class=\"elementor-widget-container\">\n\t\t\t\t\t\t\t\t\t<p>La Soci\u00e9t\u00e9 de Saint-Vincent de Paul exprime sa plus profonde gratitude envers les entreprises, les fondations et les donateurs individuels qui ont g\u00e9n\u00e9reusement soutenu notre mission en 2025. Vos contributions ont eu un impact significatif dans la vie de nombreuses personnes et familles dans le besoin. Nous vous remercions sinc\u00e8rement de votre engagement \u00e0 nous aider \u00e0 accomplir notre travail essentiel de service, de compassion et de solidarit\u00e9.<\/p>\n\t\t\t\t\t\t\t\t<\/div>\n\t\t\t\t<\/div>\n\t\t\t\t<\/div>\n\t\t\t\t<div class=\"elementor-element elementor-element-7dfa746 elementor-widget elementor-widget-image\" data-id=\"7dfa746\" data-element_type=\"widget\" data-e-type=\"widget\" data-widget_type=\"image.default\">\n\t\t\t\t<div class=\"elementor-widget-container\">\n\t\t\t\t\t\t\t\t\t\t\t\t\t\t\t<img fetchpriority=\"high\" decoding=\"async\" width=\"800\" height=\"450\" src=\"https:\/\/ssvp.ca\/wp-content\/uploads\/2025\/03\/Linda-Hands-Heart-1024x576.png\" class=\"attachment-large size-large wp-image-43724\" alt=\"\" srcset=\"https:\/\/ssvp.ca\/wp-content\/uploads\/2025\/03\/Linda-Hands-Heart-1024x576.png 1024w, https:\/\/ssvp.ca\/wp-content\/uploads\/2025\/03\/Linda-Hands-Heart-300x169.png 300w, https:\/\/ssvp.ca\/wp-content\/uploads\/2025\/03\/Linda-Hands-Heart-768x432.png 768w, https:\/\/ssvp.ca\/wp-content\/uploads\/2025\/03\/Linda-Hands-Heart-1536x864.png 1536w, https:\/\/ssvp.ca\/wp-content\/uploads\/2025\/03\/Linda-Hands-Heart-2048x1152.png 2048w, https:\/\/ssvp.ca\/wp-content\/uploads\/2025\/03\/Linda-Hands-Heart-600x338.png 600w\" sizes=\"(max-width: 800px) 100vw, 800px\" \/>\t\t\t\t\t\t\t\t\t\t\t\t\t\t\t<\/div>\n\t\t\t\t<\/div>\n\t\t\t\t\t<\/div>\n\t\t\t\t<\/div>\n\t\t\t\t<section class=\"elementor-section elementor-top-section elementor-element elementor-element-32361d5 elementor-section-boxed elementor-section-height-default elementor-section-height-default\" data-id=\"32361d5\" data-element_type=\"section\" data-e-type=\"section\" data-settings=\"{&quot;jet_parallax_layout_list&quot;:[]}\">\n\t\t\t\t\t\t<div class=\"elementor-container elementor-column-gap-default\">\n\t\t\t\t\t<div class=\"elementor-column elementor-col-100 elementor-top-column elementor-element elementor-element-591f45e\" data-id=\"591f45e\" data-element_type=\"column\" data-e-type=\"column\">\n\t\t\t<div class=\"elementor-widget-wrap elementor-element-populated\">\n\t\t\t\t\t\t<div class=\"elementor-element elementor-element-a734fe0 elementor-widget elementor-widget-spacer\" data-id=\"a734fe0\" data-element_type=\"widget\" data-e-type=\"widget\" data-widget_type=\"spacer.default\">\n\t\t\t\t<div class=\"elementor-widget-container\">\n\t\t\t\t\t\t\t<div class=\"elementor-spacer\">\n\t\t\t<div class=\"elementor-spacer-inner\"><\/div>\n\t\t<\/div>\n\t\t\t\t\t\t<\/div>\n\t\t\t\t<\/div>\n\t\t\t\t\t<\/div>\n\t\t<\/div>\n\t\t\t\t\t<\/div>\n\t\t<\/section>\n\t\t\t\t<section class=\"elementor-section elementor-top-section elementor-element elementor-element-4b1fa98 elementor-section-boxed elementor-section-height-default elementor-section-height-default\" data-id=\"4b1fa98\" data-element_type=\"section\" data-e-type=\"section\" data-settings=\"{&quot;jet_parallax_layout_list&quot;:[]}\">\n\t\t\t\t\t\t<div class=\"elementor-container elementor-column-gap-default\">\n\t\t\t\t\t<div class=\"elementor-column elementor-col-100 elementor-top-column elementor-element elementor-element-1806933\" data-id=\"1806933\" data-element_type=\"column\" data-e-type=\"column\">\n\t\t\t<div class=\"elementor-widget-wrap elementor-element-populated\">\n\t\t\t\t\t\t<div class=\"elementor-element elementor-element-678d959 elementor-widget elementor-widget-heading\" data-id=\"678d959\" data-element_type=\"widget\" data-e-type=\"widget\" data-widget_type=\"heading.default\">\n\t\t\t\t<div class=\"elementor-widget-container\">\n\t\t\t\t\t<h2 class=\"elementor-heading-title elementor-size-default\">Merci<\/h2>\t\t\t\t<\/div>\n\t\t\t\t<\/div>\n\t\t\t\t\t<\/div>\n\t\t<\/div>\n\t\t\t\t\t<\/div>\n\t\t<\/section>\n\t\t\t\t<section class=\"elementor-section elementor-top-section elementor-element elementor-element-b98b9a8 elementor-section-boxed elementor-section-height-default elementor-section-height-default\" data-id=\"b98b9a8\" data-element_type=\"section\" data-e-type=\"section\" data-settings=\"{&quot;jet_parallax_layout_list&quot;:[]}\">\n\t\t\t\t\t\t<div class=\"elementor-container elementor-column-gap-default\">\n\t\t\t\t\t<div class=\"elementor-column elementor-col-100 elementor-top-column elementor-element elementor-element-e4ea094\" data-id=\"e4ea094\" data-element_type=\"column\" data-e-type=\"column\">\n\t\t\t<div class=\"elementor-widget-wrap elementor-element-populated\">\n\t\t\t\t\t\t<div class=\"elementor-element elementor-element-b35b0fc elementor-widget-divider--view-line elementor-widget elementor-widget-divider\" data-id=\"b35b0fc\" data-element_type=\"widget\" data-e-type=\"widget\" data-widget_type=\"divider.default\">\n\t\t\t\t<div class=\"elementor-widget-container\">\n\t\t\t\t\t\t\t<div class=\"elementor-divider\">\n\t\t\t<span class=\"elementor-divider-separator\">\n\t\t\t\t\t\t<\/span>\n\t\t<\/div>\n\t\t\t\t\t\t<\/div>\n\t\t\t\t<\/div>\n\t\t\t\t\t<\/div>\n\t\t<\/div>\n\t\t\t\t\t<\/div>\n\t\t<\/section>\n\t\t\t\t<section class=\"elementor-section elementor-top-section elementor-element elementor-element-e82229d elementor-section-boxed elementor-section-height-default elementor-section-height-default\" data-id=\"e82229d\" data-element_type=\"section\" data-e-type=\"section\" data-settings=\"{&quot;jet_parallax_layout_list&quot;:[]}\">\n\t\t\t\t\t\t<div class=\"elementor-container elementor-column-gap-default\">\n\t\t\t\t\t<div class=\"elementor-column elementor-col-20 elementor-top-column elementor-element elementor-element-8cf5234\" data-id=\"8cf5234\" data-element_type=\"column\" data-e-type=\"column\">\n\t\t\t<div class=\"elementor-widget-wrap\">\n\t\t\t\t\t\t\t<\/div>\n\t\t<\/div>\n\t\t\t\t<div class=\"elementor-column elementor-col-20 elementor-top-column elementor-element elementor-element-e70d0f6\" data-id=\"e70d0f6\" data-element_type=\"column\" data-e-type=\"column\" data-settings=\"{&quot;background_background&quot;:&quot;classic&quot;}\">\n\t\t\t<div class=\"elementor-widget-wrap elementor-element-populated\">\n\t\t\t\t\t\t<div class=\"elementor-element elementor-element-ba2cf72 elementor-position-top elementor-widget elementor-widget-image-box\" data-id=\"ba2cf72\" data-element_type=\"widget\" data-e-type=\"widget\" data-widget_type=\"image-box.default\">\n\t\t\t\t<div class=\"elementor-widget-container\">\n\t\t\t\t\t<div class=\"elementor-image-box-wrapper\"><figure class=\"elementor-image-box-img\"><img decoding=\"async\" width=\"150\" height=\"150\" src=\"https:\/\/ssvp.ca\/wp-content\/uploads\/2023\/11\/St-Vincent-de-Paul-150x150.jpg\" class=\"attachment-thumbnail size-thumbnail wp-image-21750\" alt=\"\" srcset=\"https:\/\/ssvp.ca\/wp-content\/uploads\/2023\/11\/St-Vincent-de-Paul-150x150.jpg 150w, https:\/\/ssvp.ca\/wp-content\/uploads\/2023\/11\/St-Vincent-de-Paul-100x100.jpg 100w, https:\/\/ssvp.ca\/wp-content\/uploads\/2023\/11\/St-Vincent-de-Paul.jpg 240w\" sizes=\"(max-width: 150px) 100vw, 150px\" \/><\/figure><div class=\"elementor-image-box-content\"><h3 class=\"elementor-image-box-title\">Vincent<br>5 000 $ +<\/h3><\/div><\/div>\t\t\t\t<\/div>\n\t\t\t\t<\/div>\n\t\t\t\t<div class=\"elementor-element elementor-element-1ea6df4 elementor-widget__width-initial elementor-widget elementor-widget-text-editor\" data-id=\"1ea6df4\" data-element_type=\"widget\" data-e-type=\"widget\" data-widget_type=\"text-editor.default\">\n\t\t\t\t<div class=\"elementor-widget-container\">\n\t\t\t\t\t\t\t\t\t<p style=\"text-align: center;\">Alejandro B.<br \/>Angela S.<br \/>Christina S.<br \/>Congregation of Our Lady of Sion<br \/>Frank T.<br \/>Jm W. Trust &amp; Judith W. and Kelly S.<br \/>Jo Ne D Investments LTD<br \/>Joseph Michael V.<br \/>Les Soeurs de la Visitation d&rsquo;Ottawa<br \/>Oakville Community Foundation<br \/>Succession Micheline B.<\/p>\n\t\t\t\t\t\t\t\t<\/div>\n\t\t\t\t<\/div>\n\t\t\t\t\t<\/div>\n\t\t<\/div>\n\t\t\t\t<div class=\"elementor-column elementor-col-20 elementor-top-column elementor-element elementor-element-b28c887\" data-id=\"b28c887\" data-element_type=\"column\" data-e-type=\"column\">\n\t\t\t<div class=\"elementor-widget-wrap elementor-element-populated\">\n\t\t\t\t\t\t<div class=\"elementor-element elementor-element-91fee4a elementor-position-top elementor-widget elementor-widget-image-box\" data-id=\"91fee4a\" data-element_type=\"widget\" data-e-type=\"widget\" data-widget_type=\"image-box.default\">\n\t\t\t\t<div class=\"elementor-widget-container\">\n\t\t\t\t\t<div class=\"elementor-image-box-wrapper\"><figure class=\"elementor-image-box-img\"><img decoding=\"async\" width=\"150\" height=\"150\" src=\"https:\/\/ssvp.ca\/wp-content\/uploads\/2023\/11\/Frederic-Ozanam-150x150.jpg\" class=\"attachment-thumbnail size-thumbnail wp-image-21743\" alt=\"\" srcset=\"https:\/\/ssvp.ca\/wp-content\/uploads\/2023\/11\/Frederic-Ozanam-150x150.jpg 150w, https:\/\/ssvp.ca\/wp-content\/uploads\/2023\/11\/Frederic-Ozanam-100x100.jpg 100w, https:\/\/ssvp.ca\/wp-content\/uploads\/2023\/11\/Frederic-Ozanam.jpg 240w\" sizes=\"(max-width: 150px) 100vw, 150px\" \/><\/figure><div class=\"elementor-image-box-content\"><h3 class=\"elementor-image-box-title\">Fr\u00e9d\u00e9ric<br>2 000 $ +<\/h3><\/div><\/div>\t\t\t\t<\/div>\n\t\t\t\t<\/div>\n\t\t\t\t<div class=\"elementor-element elementor-element-a6e0a1b elementor-widget elementor-widget-text-editor\" data-id=\"a6e0a1b\" data-element_type=\"widget\" data-e-type=\"widget\" data-widget_type=\"text-editor.default\">\n\t\t\t\t<div class=\"elementor-widget-container\">\n\t\t\t\t\t\t\t\t\t<p style=\"text-align: center;\">Bottero Appraisals Ltd.<br \/>Daniel M.<br \/>Diana M.<br \/>Edna A.<br \/>Elizabeth D.<br \/>Estate of Helen B.<br \/>Fearon Family Foundation<br \/>Gloria M.<br \/>Jessica F.<br \/>Jose &amp; Teresa C.<br \/>Joseph T.<br \/>Marc K.<br \/>Marie-Luce B.<br \/>Mark K.<br \/>Peter H.<br \/>Philip R.<br \/>Reynaldo I.<br \/>Scott S.<\/p>\n\t\t\t\t\t\t\t\t<\/div>\n\t\t\t\t<\/div>\n\t\t\t\t\t<\/div>\n\t\t<\/div>\n\t\t\t\t<div class=\"elementor-column elementor-col-20 elementor-top-column elementor-element elementor-element-f5eca7d\" data-id=\"f5eca7d\" data-element_type=\"column\" data-e-type=\"column\">\n\t\t\t<div class=\"elementor-widget-wrap elementor-element-populated\">\n\t\t\t\t\t\t<div class=\"elementor-element elementor-element-580c083 elementor-position-top elementor-widget elementor-widget-image-box\" data-id=\"580c083\" data-element_type=\"widget\" data-e-type=\"widget\" data-widget_type=\"image-box.default\">\n\t\t\t\t<div class=\"elementor-widget-container\">\n\t\t\t\t\t<div class=\"elementor-image-box-wrapper\"><figure class=\"elementor-image-box-img\"><img loading=\"lazy\" decoding=\"async\" width=\"150\" height=\"150\" src=\"https:\/\/ssvp.ca\/wp-content\/uploads\/2023\/11\/Rosalie-150x150.jpg\" class=\"attachment-thumbnail size-thumbnail wp-image-21745\" alt=\"\" srcset=\"https:\/\/ssvp.ca\/wp-content\/uploads\/2023\/11\/Rosalie-150x150.jpg 150w, https:\/\/ssvp.ca\/wp-content\/uploads\/2023\/11\/Rosalie-100x100.jpg 100w, https:\/\/ssvp.ca\/wp-content\/uploads\/2023\/11\/Rosalie.jpg 240w\" sizes=\"(max-width: 150px) 100vw, 150px\" \/><\/figure><div class=\"elementor-image-box-content\"><h3 class=\"elementor-image-box-title\">Rosalie<br>1 000 $ +<\/h3><\/div><\/div>\t\t\t\t<\/div>\n\t\t\t\t<\/div>\n\t\t<div class=\"elementor-element elementor-element-7f2f011 e-grid e-con-boxed e-con e-parent\" data-id=\"7f2f011\" data-element_type=\"container\" data-e-type=\"container\" data-settings=\"{&quot;jet_parallax_layout_list&quot;:[]}\">\n\t\t\t\t\t<div class=\"e-con-inner\">\n\t\t\t\t<div class=\"elementor-element elementor-element-f2de765 elementor-widget elementor-widget-text-editor\" data-id=\"f2de765\" data-element_type=\"widget\" data-e-type=\"widget\" data-widget_type=\"text-editor.default\">\n\t\t\t\t<div class=\"elementor-widget-container\">\n\t\t\t\t\t\t\t\t\t<p style=\"text-align: center;\">Andrew D.<br \/>Andrew G.<br \/>Andrew L.<br \/>Ann &amp; Ken H.<br \/>Antoinette S.<br \/>Bernadette A.<br \/>Bernie M.<br \/>Carl &amp; Gloria S.<br \/>Chantal C.<br \/>Christopher E W.<br \/>C.M. Faehndrich Foundation<br \/>David D.<br \/>David T.<br \/>Denis L.<br \/>Dr. Kris Pastro Dentist Inc.<br \/>Estate of Jean Annie C.<br \/>Eunice N.<br \/>Francis F.<br \/>Grace A.<br \/>Greg M.<br \/>Henry &amp; Laurieann M.<br \/>James D.<br \/>Jasper B.<br \/>Jean-No\u00ebl C.<br \/>Jeffery M.<\/p><br><p>\u00a0<\/p>\t\t\t\t\t\t\t\t<\/div>\n\t\t\t\t<\/div>\n\t\t\t\t<div class=\"elementor-element elementor-element-244bab6 elementor-widget elementor-widget-text-editor\" data-id=\"244bab6\" data-element_type=\"widget\" data-e-type=\"widget\" data-widget_type=\"text-editor.default\">\n\t\t\t\t<div class=\"elementor-widget-container\">\n\t\t\t\t\t\t\t\t\t<p style=\"text-align: center;\">Joan &amp; Michel T.<br \/>Joseph C C.<br \/>Kathleen C.<br \/>Kevin H.<br \/>Knud P.<br \/>Larry C.<br \/>Leonardo N.<br \/>Lorraine E.<br \/>Luc V.<br \/>Marc G.<br \/>Marco B.<br \/>Margaret B.<br \/>Mary D.<br \/>Mary H.<br \/>Michael M.<br \/>Miriam W.<br \/>Pat L.<br \/>Patrice M.<br \/>Rafael V.<br \/>Richard A.<br \/>Richard and Margaret D. Giving Account<br \/>Shirley Y.<br \/>United Acoustics &amp; Partitions<br \/>Yerson P.<\/p><br><p>\u00a0<\/p>\t\t\t\t\t\t\t\t<\/div>\n\t\t\t\t<\/div>\n\t\t\t\t\t<\/div>\n\t\t\t\t<\/div>\n\t\t\t\t\t<\/div>\n\t\t<\/div>\n\t\t\t\t<div class=\"elementor-column elementor-col-20 elementor-top-column elementor-element elementor-element-e9b1df8\" data-id=\"e9b1df8\" data-element_type=\"column\" data-e-type=\"column\">\n\t\t\t<div class=\"elementor-widget-wrap\">\n\t\t\t\t\t\t\t<\/div>\n\t\t<\/div>\n\t\t\t\t\t<\/div>\n\t\t<\/section>\n\t\t\t\t<section class=\"elementor-section elementor-top-section elementor-element elementor-element-4ebbcef elementor-section-boxed elementor-section-height-default elementor-section-height-default\" data-id=\"4ebbcef\" data-element_type=\"section\" data-e-type=\"section\" data-settings=\"{&quot;jet_parallax_layout_list&quot;:[]}\">\n\t\t\t\t\t\t<div class=\"elementor-container elementor-column-gap-default\">\n\t\t\t\t\t<div class=\"elementor-column elementor-col-100 elementor-top-column elementor-element elementor-element-4a9b997\" data-id=\"4a9b997\" data-element_type=\"column\" data-e-type=\"column\">\n\t\t\t<div class=\"elementor-widget-wrap elementor-element-populated\">\n\t\t\t\t\t\t<div class=\"elementor-element elementor-element-9d9b4e6 elementor-widget elementor-widget-text-editor\" data-id=\"9d9b4e6\" data-element_type=\"widget\" data-e-type=\"widget\" data-widget_type=\"text-editor.default\">\n\t\t\t\t<div class=\"elementor-widget-container\">\n\t\t\t\t\t\t\t\t\t<p>Nous reconnaissons le r\u00f4le essentiel que vous jouez pour nous permettre de continuer \u00e0 offrir de l&rsquo;aide et du soutien \u00e0 ceux qui en ont le plus besoin. Ensemble, nous b\u00e2tissons une communaut\u00e9 d\u2019espoir et transformons des vies.<\/p><br><p>Gr\u00e2ce \u00e0 votre soutien, nous sommes impatients de poursuivre notre mission et d\u2019avoir un impact encore plus grand au cours de l&rsquo;ann\u00e9e \u00e0 venir.<\/p><br><p>Avec nos sinc\u00e8res remerciements,<br \/>\r\nL\u2019\u00e9quipe de la Soci\u00e9t\u00e9 de Saint-Vincent de Paul<\/p><br><p>La d\u00e9claration des droits des donateurs se trouve dans nos <a href=\"https:\/\/ssvp.ca\/wp-content\/uploads\/2024\/02\/8.11-Fundraising-Guidelines-Directive-collect-de-fonds.pdf\" target=\"_blank\" rel=\"noopener\">directive de collectes de fonds<\/a>.<\/p>\t\t\t\t\t\t\t\t<\/div>\n\t\t\t\t<\/div>\n\t\t\t\t\t<\/div>\n\t\t<\/div>\n\t\t\t\t\t<\/div>\n\t\t<\/section>\n\t\t\t\t<section class=\"elementor-section elementor-top-section elementor-element elementor-element-b7d53ff elementor-section-boxed elementor-section-height-default elementor-section-height-default\" data-id=\"b7d53ff\" data-element_type=\"section\" data-e-type=\"section\" data-settings=\"{&quot;jet_parallax_layout_list&quot;:[]}\">\n\t\t\t\t\t\t<div class=\"elementor-container elementor-column-gap-default\">\n\t\t\t\t\t<div class=\"elementor-column elementor-col-100 elementor-top-column elementor-element elementor-element-c80d123\" data-id=\"c80d123\" data-element_type=\"column\" data-e-type=\"column\">\n\t\t\t<div class=\"elementor-widget-wrap elementor-element-populated\">\n\t\t\t\t\t\t<div class=\"elementor-element elementor-element-821bb30 elementor-widget-divider--view-line elementor-widget elementor-widget-divider\" data-id=\"821bb30\" data-element_type=\"widget\" data-e-type=\"widget\" data-widget_type=\"divider.default\">\n\t\t\t\t<div class=\"elementor-widget-container\">\n\t\t\t\t\t\t\t<div class=\"elementor-divider\">\n\t\t\t<span class=\"elementor-divider-separator\">\n\t\t\t\t\t\t<\/span>\n\t\t<\/div>\n\t\t\t\t\t\t<\/div>\n\t\t\t\t<\/div>\n\t\t\t\t\t<\/div>\n\t\t<\/div>\n\t\t\t\t\t<\/div>\n\t\t<\/section>\n\t\t\t\t<section class=\"elementor-section elementor-top-section elementor-element elementor-element-3528efb elementor-section-boxed elementor-section-height-default elementor-section-height-default\" data-id=\"3528efb\" data-element_type=\"section\" data-e-type=\"section\" data-settings=\"{&quot;jet_parallax_layout_list&quot;:[]}\">\n\t\t\t\t\t\t<div class=\"elementor-container elementor-column-gap-default\">\n\t\t\t\t\t<div class=\"elementor-column elementor-col-100 elementor-top-column elementor-element elementor-element-99fe753\" data-id=\"99fe753\" data-element_type=\"column\" data-e-type=\"column\">\n\t\t\t<div class=\"elementor-widget-wrap elementor-element-populated\">\n\t\t\t\t\t\t<div class=\"elementor-element elementor-element-cc95b09 elementor-widget elementor-widget-text-editor\" data-id=\"cc95b09\" data-element_type=\"widget\" data-e-type=\"widget\" data-widget_type=\"text-editor.default\">\n\t\t\t\t<div class=\"elementor-widget-container\">\n\t\t\t\t\t\t\t\t\t<p><strong><span style=\"font-size: 18pt;\">Les entreprises amies de la Soci\u00e9t\u00e9<\/span><\/strong><\/p>\n\t\t\t\t\t\t\t\t<\/div>\n\t\t\t\t<\/div>\n\t\t\t\t\t<\/div>\n\t\t<\/div>\n\t\t\t\t\t<\/div>\n\t\t<\/section>\n\t\t\t\t<section class=\"elementor-section elementor-top-section elementor-element elementor-element-a97ccfc elementor-section-boxed elementor-section-height-default elementor-section-height-default\" data-id=\"a97ccfc\" data-element_type=\"section\" data-e-type=\"section\" data-settings=\"{&quot;jet_parallax_layout_list&quot;:[]}\">\n\t\t\t\t\t\t<div class=\"elementor-container elementor-column-gap-default\">\n\t\t\t\t\t<div class=\"elementor-column elementor-col-50 elementor-top-column elementor-element elementor-element-3587580\" data-id=\"3587580\" data-element_type=\"column\" data-e-type=\"column\">\n\t\t\t<div class=\"elementor-widget-wrap elementor-element-populated\">\n\t\t\t\t\t\t<div class=\"elementor-element elementor-element-deca2e6 elementor-widget elementor-widget-image\" data-id=\"deca2e6\" data-element_type=\"widget\" data-e-type=\"widget\" data-widget_type=\"image.default\">\n\t\t\t\t<div class=\"elementor-widget-container\">\n\t\t\t\t\t\t\t\t\t\t\t\t\t\t\t<img loading=\"lazy\" decoding=\"async\" width=\"204\" height=\"107\" src=\"https:\/\/ssvp.ca\/wp-content\/uploads\/2023\/11\/CanadaHelps-Logo-1.jpg\" class=\"attachment-large size-large wp-image-22251\" alt=\"\" \/>\t\t\t\t\t\t\t\t\t\t\t\t\t\t\t<\/div>\n\t\t\t\t<\/div>\n\t\t\t\t\t<\/div>\n\t\t<\/div>\n\t\t\t\t<div class=\"elementor-column elementor-col-50 elementor-top-column elementor-element elementor-element-a0664bc\" data-id=\"a0664bc\" data-element_type=\"column\" data-e-type=\"column\">\n\t\t\t<div class=\"elementor-widget-wrap elementor-element-populated\">\n\t\t\t\t\t\t<div class=\"elementor-element elementor-element-6d2d940 elementor-widget elementor-widget-image\" data-id=\"6d2d940\" data-element_type=\"widget\" data-e-type=\"widget\" data-widget_type=\"image.default\">\n\t\t\t\t<div class=\"elementor-widget-container\">\n\t\t\t\t\t\t\t\t\t\t\t\t\t\t\t<img loading=\"lazy\" decoding=\"async\" width=\"255\" height=\"105\" src=\"https:\/\/ssvp.ca\/wp-content\/uploads\/2023\/11\/Donate-a-Car.png\" class=\"attachment-large size-large wp-image-22255\" alt=\"\" \/>\t\t\t\t\t\t\t\t\t\t\t\t\t\t\t<\/div>\n\t\t\t\t<\/div>\n\t\t\t\t\t<\/div>\n\t\t<\/div>\n\t\t\t\t\t<\/div>\n\t\t<\/section>\n\t\t<div class=\"elementor-element elementor-element-8fe33ef e-flex e-con-boxed e-con e-parent\" data-id=\"8fe33ef\" data-element_type=\"container\" data-e-type=\"container\" data-settings=\"{&quot;jet_parallax_layout_list&quot;:[]}\">\n\t\t\t\t\t<div class=\"e-con-inner\">\n\t\t<div class=\"elementor-element elementor-element-5ddfd06 e-con-full e-flex e-con e-child\" data-id=\"5ddfd06\" data-element_type=\"container\" data-e-type=\"container\" data-settings=\"{&quot;jet_parallax_layout_list&quot;:[]}\">\n\t\t\t\t<\/div>\n\t\t<div class=\"elementor-element elementor-element-8601b83 e-con-full e-flex e-con e-child\" data-id=\"8601b83\" data-element_type=\"container\" data-e-type=\"container\" data-settings=\"{&quot;jet_parallax_layout_list&quot;:[]}\">\n\t\t\t\t<\/div>\n\t\t\t\t\t<\/div>\n\t\t\t\t<\/div>\n\t\t\t\t<\/div>\n\t\t","protected":false},"excerpt":{"rendered":"<p>Remerciements \u00e0 nos donateurs g\u00e9n\u00e9reux La Soci\u00e9t\u00e9 de Saint-Vincent de Paul exprime sa plus profonde gratitude envers les entreprises, les fondations et les donateurs individuels qui ont g\u00e9n\u00e9reusement soutenu notre mission en 2025. Vos contributions ont eu un impact significatif dans la vie de nombreuses personnes et familles dans le besoin. Nous vous remercions sinc\u00e8rement [&hellip;]<\/p>\n","protected":false},"author":4,"featured_media":0,"parent":0,"menu_order":0,"comment_status":"closed","ping_status":"closed","template":"","meta":{"_acf_changed":false,"_seopress_robots_primary_cat":"","_seopress_titles_title":"","_seopress_titles_desc":"","_seopress_robots_index":"","om_disable_all_campaigns":false,"_monsterinsights_skip_tracking":false,"_monsterinsights_sitenote_active":false,"_monsterinsights_sitenote_note":"","_monsterinsights_sitenote_category":0,"_uf_show_specific_survey":0,"_uf_disable_surveys":false,"footnotes":""},"regions":[],"class_list":["post-21754","page","type-page","status-publish","hentry"],"acf":[],"_links":{"self":[{"href":"https:\/\/ssvp.ca\/fr\/wp-json\/wp\/v2\/pages\/21754","targetHints":{"allow":["GET"]}}],"collection":[{"href":"https:\/\/ssvp.ca\/fr\/wp-json\/wp\/v2\/pages"}],"about":[{"href":"https:\/\/ssvp.ca\/fr\/wp-json\/wp\/v2\/types\/page"}],"author":[{"embeddable":true,"href":"https:\/\/ssvp.ca\/fr\/wp-json\/wp\/v2\/users\/4"}],"replies":[{"embeddable":true,"href":"https:\/\/ssvp.ca\/fr\/wp-json\/wp\/v2\/comments?post=21754"}],"version-history":[{"count":0,"href":"https:\/\/ssvp.ca\/fr\/wp-json\/wp\/v2\/pages\/21754\/revisions"}],"wp:attachment":[{"href":"https:\/\/ssvp.ca\/fr\/wp-json\/wp\/v2\/media?parent=21754"}],"wp:term":[{"taxonomy":"regions","embeddable":true,"href":"https:\/\/ssvp.ca\/fr\/wp-json\/wp\/v2\/regions?post=21754"}],"curies":[{"name":"wp","href":"https:\/\/api.w.org\/{rel}","templated":true}]}}