{"id":11127,"date":"2021-11-18T16:21:10","date_gmt":"2021-11-18T16:21:10","guid":{"rendered":"https:\/\/ssvp.ca\/logement\/"},"modified":"2021-11-18T16:21:10","modified_gmt":"2021-11-18T16:21:10","slug":"logement","status":"publish","type":"page","link":"https:\/\/ssvp.ca\/fr\/logement\/","title":{"rendered":"Logement"},"content":{"rendered":"\t\t<div data-elementor-type=\"wp-page\" data-elementor-id=\"11127\" class=\"elementor elementor-11127\" data-elementor-post-type=\"page\">\n\t\t\t\t\t\t<section class=\"elementor-section elementor-top-section elementor-element elementor-element-b3dedf5 elementor-section-boxed elementor-section-height-default elementor-section-height-default\" data-id=\"b3dedf5\" data-element_type=\"section\" data-settings=\"{&quot;jet_parallax_layout_list&quot;:[{&quot;jet_parallax_layout_image&quot;:{&quot;url&quot;:&quot;&quot;,&quot;id&quot;:&quot;&quot;,&quot;size&quot;:&quot;&quot;},&quot;_id&quot;:&quot;0b5045b&quot;,&quot;jet_parallax_layout_image_tablet&quot;:{&quot;url&quot;:&quot;&quot;,&quot;id&quot;:&quot;&quot;,&quot;size&quot;:&quot;&quot;},&quot;jet_parallax_layout_image_mobile&quot;:{&quot;url&quot;:&quot;&quot;,&quot;id&quot;:&quot;&quot;,&quot;size&quot;:&quot;&quot;},&quot;jet_parallax_layout_speed&quot;:{&quot;unit&quot;:&quot;%&quot;,&quot;size&quot;:50,&quot;sizes&quot;:[]},&quot;jet_parallax_layout_type&quot;:&quot;scroll&quot;,&quot;jet_parallax_layout_direction&quot;:&quot;1&quot;,&quot;jet_parallax_layout_fx_direction&quot;:null,&quot;jet_parallax_layout_z_index&quot;:&quot;&quot;,&quot;jet_parallax_layout_bg_x&quot;:50,&quot;jet_parallax_layout_bg_x_tablet&quot;:&quot;&quot;,&quot;jet_parallax_layout_bg_x_mobile&quot;:&quot;&quot;,&quot;jet_parallax_layout_bg_y&quot;:50,&quot;jet_parallax_layout_bg_y_tablet&quot;:&quot;&quot;,&quot;jet_parallax_layout_bg_y_mobile&quot;:&quot;&quot;,&quot;jet_parallax_layout_bg_size&quot;:&quot;auto&quot;,&quot;jet_parallax_layout_bg_size_tablet&quot;:&quot;&quot;,&quot;jet_parallax_layout_bg_size_mobile&quot;:&quot;&quot;,&quot;jet_parallax_layout_animation_prop&quot;:&quot;transform&quot;,&quot;jet_parallax_layout_on&quot;:[&quot;desktop&quot;,&quot;tablet&quot;]}]}\">\n\t\t\t\t\t\t<div class=\"elementor-container elementor-column-gap-default\">\n\t\t\t\t\t<div class=\"elementor-column elementor-col-100 elementor-top-column elementor-element elementor-element-894b9d5\" data-id=\"894b9d5\" data-element_type=\"column\">\n\t\t\t<div class=\"elementor-widget-wrap elementor-element-populated\">\n\t\t\t\t\t\t<div class=\"elementor-element elementor-element-a767b3e elementor-widget elementor-widget-heading\" data-id=\"a767b3e\" data-element_type=\"widget\" data-widget_type=\"heading.default\">\n\t\t\t\t<div class=\"elementor-widget-container\">\n\t\t\t\t\t<h2 class=\"elementor-heading-title elementor-size-default\">Logement<\/h2>\t\t\t\t<\/div>\n\t\t\t\t<\/div>\n\t\t\t\t<div class=\"elementor-element elementor-element-c5dc70f elementor-widget elementor-widget-text-editor\" data-id=\"c5dc70f\" data-element_type=\"widget\" data-widget_type=\"text-editor.default\">\n\t\t\t\t<div class=\"elementor-widget-container\">\n\t\t\t\t\t\t\t\t\t<p>La Soci\u00e9t\u00e9 de Saint-Vincent de Paul a lanc\u00e9 sa campagne nationale pour le logement le 7 f\u00e9vrier 2021,\u00a0 jour de f\u00eate de la Bienheureuse S\u0153ur Rosalie Rendu. Le th\u00e8me est \u00ab\u00a0Un logement sain, s\u00e9curitaire\u00a0et abordable est un droit de fondamental\u00a0\u00bb. Tout le monde m\u00e9rite d&rsquo;avoir un logement sain et ad\u00e9quat pour sa famille. C&rsquo;est leur droit et c&rsquo;est certainement un droit que chaque Vincentien devrait soutenir. Nous encourageons tous les membres de la Soci\u00e9t\u00e9 \u00e0 envisager une ou plusieurs des diverses actions du plan d&rsquo;action; du mat\u00e9riel additionnel sera partager au cours de l\u2019ann\u00e9e.<\/p>\n<p>Le\u00a0<strong>PLAN D&rsquo;ACTION NATIONAL<\/strong>\u00a0sous le th\u00e8me \u00ab\u00a0Un logement sain, s\u00e9curitaire et abordable est un droit fondamental\u00a0\u00bb est disponible\u00a0<a href=\"https:\/\/ssvp.ca\/wp-content\/uploads\/2021\/11\/fra-nap_master_document_october_20_2021.pdf\" target=\"_blank\" rel=\"noopener\">CLIQUEZ ICI<\/a>.<\/p>\n<p>Voici des outils que vous pouvez utiliser en fonction de vos besoins dans votre r\u00e9gion.<\/p>\n<ul>\n<li><a href=\"https:\/\/ssvp.ca\/wp-content\/uploads\/2021\/11\/fra-page_54-ssvp_position_paper_on_housing-1.pdf\" target=\"_blank\" rel=\"noopener\">Principes directeurs pour un logement abordable<\/a><\/li>\n<li>Pamphlet :\u00a0<a href=\"https:\/\/ssvp.ca\/wp-content\/uploads\/2021\/11\/logement_pamphlet-f_2021-1.pdf\" target=\"_blank\" rel=\"noopener\">Pamphlet-Logement<\/a><\/li>\n<li>Vid\u00e9o des objectifs de la campagne :\u00a0<a href=\"https:\/\/youtu.be\/js-ppT_R6pQ\" target=\"_blank\" rel=\"noopener\">Objectifs-Logement<\/a><\/li>\n<li>Signet avec pri\u00e8re de la campagne\u00a0(<a href=\"https:\/\/ssvp.ca\/wp-content\/uploads\/2021\/11\/book-mark-1-f_0.pdf\" target=\"_blank\" rel=\"noopener\">version simple par page<\/a>\u00a0et\u00a0<a href=\"https:\/\/ssvp.ca\/wp-content\/uploads\/2021\/11\/book-mark-4-f_0-1.pdf\" target=\"_blank\" rel=\"noopener\">4 par pages<\/a>)<\/li>\n<li>Logo \u00e0 utiliser lors du d\u00e9veloppement de mat\u00e9riel:\u00a0<a href=\"https:\/\/ssvp.ca\/wp-content\/uploads\/2021\/11\/logo.png\">Logo<\/a><\/li>\n<li>Guide d&rsquo;impression du mat\u00e9riel (pour avoir la meilleur qualit\u00e9):\u00a0<a href=\"https:\/\/ssvp.ca\/wp-content\/uploads\/2021\/11\/le_service_en_ligne_de_bureau_en_gros_est_simple_et_facile_a_utiliser-1.pdf\" target=\"_blank\" rel=\"noopener\">Instruction pour impression chez Staples<\/a><\/li>\n<\/ul>\n\t\t\t\t\t\t\t\t<\/div>\n\t\t\t\t<\/div>\n\t\t\t\t\t<\/div>\n\t\t<\/div>\n\t\t\t\t\t<\/div>\n\t\t<\/section>\n\t\t\t\t<\/div>\n\t\t","protected":false},"excerpt":{"rendered":"<p>Logement La Soci\u00e9t\u00e9 de Saint-Vincent de Paul a lanc\u00e9 sa campagne nationale pour le logement le 7 f\u00e9vrier 2021,\u00a0 jour de f\u00eate de la Bienheureuse S\u0153ur Rosalie Rendu. Le th\u00e8me est \u00ab\u00a0Un logement sain, s\u00e9curitaire\u00a0et abordable est un droit de fondamental\u00a0\u00bb. Tout le monde m\u00e9rite d&rsquo;avoir un logement sain et ad\u00e9quat pour sa famille. C&rsquo;est [&hellip;]<\/p>\n","protected":false},"author":1,"featured_media":0,"parent":0,"menu_order":0,"comment_status":"closed","ping_status":"closed","template":"","meta":{"_acf_changed":false,"_seopress_robots_primary_cat":"","_seopress_titles_title":"","_seopress_titles_desc":"","_seopress_robots_index":"","om_disable_all_campaigns":false,"_monsterinsights_skip_tracking":false,"_monsterinsights_sitenote_active":false,"_monsterinsights_sitenote_note":"","_monsterinsights_sitenote_category":0,"_uf_show_specific_survey":0,"_uf_disable_surveys":false,"footnotes":""},"regions":[],"class_list":["post-11127","page","type-page","status-publish","hentry"],"acf":[],"_links":{"self":[{"href":"https:\/\/ssvp.ca\/fr\/wp-json\/wp\/v2\/pages\/11127","targetHints":{"allow":["GET"]}}],"collection":[{"href":"https:\/\/ssvp.ca\/fr\/wp-json\/wp\/v2\/pages"}],"about":[{"href":"https:\/\/ssvp.ca\/fr\/wp-json\/wp\/v2\/types\/page"}],"author":[{"embeddable":true,"href":"https:\/\/ssvp.ca\/fr\/wp-json\/wp\/v2\/users\/1"}],"replies":[{"embeddable":true,"href":"https:\/\/ssvp.ca\/fr\/wp-json\/wp\/v2\/comments?post=11127"}],"version-history":[{"count":0,"href":"https:\/\/ssvp.ca\/fr\/wp-json\/wp\/v2\/pages\/11127\/revisions"}],"wp:attachment":[{"href":"https:\/\/ssvp.ca\/fr\/wp-json\/wp\/v2\/media?parent=11127"}],"wp:term":[{"taxonomy":"regions","embeddable":true,"href":"https:\/\/ssvp.ca\/fr\/wp-json\/wp\/v2\/regions?post=11127"}],"curies":[{"name":"wp","href":"https:\/\/api.w.org\/{rel}","templated":true}]}}